{"id":1150,"date":"2020-05-05T21:58:43","date_gmt":"2020-05-05T19:58:43","guid":{"rendered":"https:\/\/caseymartel.com\/?page_id=1150"},"modified":"2020-05-07T03:03:46","modified_gmt":"2020-05-07T01:03:46","slug":"laying-plans","status":"publish","type":"page","link":"https:\/\/caseymartel.com\/en\/services-ceramic-installer\/laying-plans\/","title":{"rendered":"Laying plans"},"content":{"rendered":"\t\t<div data-elementor-type=\"wp-page\" data-elementor-id=\"1150\" class=\"elementor elementor-1150 elementor-19\" data-elementor-post-type=\"page\">\n\t\t\t\t\t\t<section class=\"elementor-section elementor-top-section elementor-element elementor-element-40b868e9 elementor-section-height-min-height elementor-section-boxed elementor-section-height-default elementor-section-items-middle\" data-id=\"40b868e9\" data-element_type=\"section\" data-settings=\"{&quot;background_background&quot;:&quot;classic&quot;,&quot;background_motion_fx_motion_fx_scrolling&quot;:&quot;yes&quot;,&quot;background_motion_fx_translateY_effect&quot;:&quot;yes&quot;,&quot;background_motion_fx_translateY_speed&quot;:{&quot;unit&quot;:&quot;px&quot;,&quot;size&quot;:6.79999999999999982236431605997495353221893310546875,&quot;sizes&quot;:[]},&quot;background_motion_fx_translateY_affectedRange&quot;:{&quot;unit&quot;:&quot;%&quot;,&quot;size&quot;:&quot;&quot;,&quot;sizes&quot;:{&quot;start&quot;:0,&quot;end&quot;:100}},&quot;background_motion_fx_devices&quot;:[&quot;desktop&quot;,&quot;tablet&quot;,&quot;mobile&quot;]}\">\n\t\t\t\t\t\t\t<div class=\"elementor-background-overlay\"><\/div>\n\t\t\t\t\t\t\t<div class=\"elementor-container elementor-column-gap-default\">\n\t\t\t\t\t<div class=\"elementor-column elementor-col-100 elementor-top-column elementor-element elementor-element-70b95481\" data-id=\"70b95481\" data-element_type=\"column\">\n\t\t\t<div class=\"elementor-widget-wrap elementor-element-populated\">\n\t\t\t\t\t\t<section class=\"elementor-section elementor-inner-section elementor-element elementor-element-50d24508 elementor-section-boxed elementor-section-height-default elementor-section-height-default\" data-id=\"50d24508\" data-element_type=\"section\">\n\t\t\t\t\t\t<div class=\"elementor-container elementor-column-gap-default\">\n\t\t\t\t\t<div class=\"elementor-column elementor-col-50 elementor-inner-column elementor-element elementor-element-34b6a61\" data-id=\"34b6a61\" data-element_type=\"column\">\n\t\t\t<div class=\"elementor-widget-wrap elementor-element-populated\">\n\t\t\t\t\t\t<div class=\"elementor-element elementor-element-7a679433 elementor-widget elementor-widget-heading\" data-id=\"7a679433\" data-element_type=\"widget\" data-widget_type=\"heading.default\">\n\t\t\t\t<div class=\"elementor-widget-container\">\n\t\t\t<h2 class=\"elementor-heading-title elementor-size-default\">The laying plan, an essential step for a ceramic project<\/h2>\t\t<\/div>\n\t\t\t\t<\/div>\n\t\t\t\t<div class=\"elementor-element elementor-element-1a55cee0 elementor-widget elementor-widget-text-editor\" data-id=\"1a55cee0\" data-element_type=\"widget\" data-widget_type=\"text-editor.default\">\n\t\t\t\t<div class=\"elementor-widget-container\">\n\t\t\t\t\t\t\t<p>We know that careful planning is important to ensure the success of your project. We create laying plans for ceramics to ensure a quality installation.<\/p>\t\t\t\t\t\t<\/div>\n\t\t\t\t<\/div>\n\t\t\t\t\t<\/div>\n\t\t<\/div>\n\t\t\t\t<div class=\"elementor-column elementor-col-50 elementor-inner-column elementor-element elementor-element-667e2daa\" data-id=\"667e2daa\" data-element_type=\"column\">\n\t\t\t<div class=\"elementor-widget-wrap\">\n\t\t\t\t\t\t\t<\/div>\n\t\t<\/div>\n\t\t\t\t\t<\/div>\n\t\t<\/section>\n\t\t\t\t\t<\/div>\n\t\t<\/div>\n\t\t\t\t\t<\/div>\n\t\t<\/section>\n\t\t\t\t<section class=\"elementor-section elementor-top-section elementor-element elementor-element-283fd7de elementor-section-content-middle elementor-section-boxed elementor-section-height-default elementor-section-height-default\" data-id=\"283fd7de\" data-element_type=\"section\">\n\t\t\t\t\t\t<div class=\"elementor-container elementor-column-gap-default\">\n\t\t\t\t\t<div class=\"elementor-column elementor-col-50 elementor-top-column elementor-element elementor-element-64f52539\" data-id=\"64f52539\" data-element_type=\"column\">\n\t\t\t<div class=\"elementor-widget-wrap elementor-element-populated\">\n\t\t\t\t\t\t<div class=\"elementor-element elementor-element-3fb924a8 elementor-widget elementor-widget-text-editor\" data-id=\"3fb924a8\" data-element_type=\"widget\" data-widget_type=\"text-editor.default\">\n\t\t\t\t<div class=\"elementor-widget-container\">\n\t\t\t\t\t\t\t<p>Our employees work diligently to ensure that every aspect of your project is carefully examined and specified in the installation plan. We think of everything so that you don&#8217;t have to.<\/p>\t\t\t\t\t\t<\/div>\n\t\t\t\t<\/div>\n\t\t\t\t\t<\/div>\n\t\t<\/div>\n\t\t\t\t<div class=\"elementor-column elementor-col-50 elementor-top-column elementor-element elementor-element-314453a5\" data-id=\"314453a5\" data-element_type=\"column\">\n\t\t\t<div class=\"elementor-widget-wrap elementor-element-populated\">\n\t\t\t\t\t\t<div class=\"elementor-element elementor-element-7310acbe elementor-widget elementor-widget-image\" data-id=\"7310acbe\" data-element_type=\"widget\" data-settings=\"{&quot;motion_fx_motion_fx_scrolling&quot;:&quot;yes&quot;,&quot;motion_fx_translateY_effect&quot;:&quot;yes&quot;,&quot;motion_fx_translateY_speed&quot;:{&quot;unit&quot;:&quot;px&quot;,&quot;size&quot;:1.5,&quot;sizes&quot;:[]},&quot;motion_fx_devices&quot;:[&quot;desktop&quot;,&quot;tablet&quot;],&quot;motion_fx_translateY_affectedRange&quot;:{&quot;unit&quot;:&quot;%&quot;,&quot;size&quot;:&quot;&quot;,&quot;sizes&quot;:{&quot;start&quot;:0,&quot;end&quot;:100}}}\" data-widget_type=\"image.default\">\n\t\t\t\t<div class=\"elementor-widget-container\">\n\t\t\t\t\t\t\t\t\t\t\t\t\t<img fetchpriority=\"high\" decoding=\"async\" width=\"800\" height=\"822\" src=\"https:\/\/caseymartel.com\/wp-content\/uploads\/2020\/05\/poseur-de-ceramique-997x1024.jpg\" class=\"attachment-large size-large wp-image-936\" alt=\"\" srcset=\"https:\/\/caseymartel.com\/wp-content\/uploads\/2020\/05\/poseur-de-ceramique-997x1024.jpg 997w, https:\/\/caseymartel.com\/wp-content\/uploads\/2020\/05\/poseur-de-ceramique-292x300.jpg 292w, https:\/\/caseymartel.com\/wp-content\/uploads\/2020\/05\/poseur-de-ceramique-768x789.jpg 768w, https:\/\/caseymartel.com\/wp-content\/uploads\/2020\/05\/poseur-de-ceramique-1495x1536.jpg 1495w, https:\/\/caseymartel.com\/wp-content\/uploads\/2020\/05\/poseur-de-ceramique.jpg 1500w\" sizes=\"(max-width: 800px) 100vw, 800px\" \/>\t\t\t\t\t\t\t\t\t\t\t\t\t<\/div>\n\t\t\t\t<\/div>\n\t\t\t\t\t<\/div>\n\t\t<\/div>\n\t\t\t\t\t<\/div>\n\t\t<\/section>\n\t\t\t\t<section class=\"elementor-section elementor-top-section elementor-element elementor-element-72ba3272 elementor-section-full_width elementor-section-height-default elementor-section-height-default\" data-id=\"72ba3272\" data-element_type=\"section\">\n\t\t\t\t\t\t<div class=\"elementor-container elementor-column-gap-default\">\n\t\t\t\t\t<div class=\"elementor-column elementor-col-50 elementor-top-column elementor-element elementor-element-1e9484d8\" data-id=\"1e9484d8\" data-element_type=\"column\" data-settings=\"{&quot;background_background&quot;:&quot;classic&quot;}\">\n\t\t\t<div class=\"elementor-widget-wrap elementor-element-populated\">\n\t\t\t\t\t\t<div class=\"elementor-element elementor-element-4e638d17 elementor-widget elementor-widget-heading\" data-id=\"4e638d17\" data-element_type=\"widget\" data-widget_type=\"heading.default\">\n\t\t\t\t<div class=\"elementor-widget-container\">\n\t\t\t<h6 class=\"elementor-heading-title elementor-size-default\">Experience<\/h6>\t\t<\/div>\n\t\t\t\t<\/div>\n\t\t\t\t<div class=\"elementor-element elementor-element-4b0ea08a elementor-widget elementor-widget-spacer\" data-id=\"4b0ea08a\" data-element_type=\"widget\" data-widget_type=\"spacer.default\">\n\t\t\t\t<div class=\"elementor-widget-container\">\n\t\t\t\t\t<div class=\"elementor-spacer\">\n\t\t\t<div class=\"elementor-spacer-inner\"><\/div>\n\t\t<\/div>\n\t\t\t\t<\/div>\n\t\t\t\t<\/div>\n\t\t\t\t<div class=\"elementor-element elementor-element-44c165e elementor-widget elementor-widget-heading\" data-id=\"44c165e\" data-element_type=\"widget\" data-widget_type=\"heading.default\">\n\t\t\t\t<div class=\"elementor-widget-container\">\n\t\t\t<h2 class=\"elementor-heading-title elementor-size-default\">For high-quality laying plans<\/h2>\t\t<\/div>\n\t\t\t\t<\/div>\n\t\t\t\t<div class=\"elementor-element elementor-element-5a7e773 elementor-widget elementor-widget-spacer\" data-id=\"5a7e773\" data-element_type=\"widget\" data-widget_type=\"spacer.default\">\n\t\t\t\t<div class=\"elementor-widget-container\">\n\t\t\t\t\t<div class=\"elementor-spacer\">\n\t\t\t<div class=\"elementor-spacer-inner\"><\/div>\n\t\t<\/div>\n\t\t\t\t<\/div>\n\t\t\t\t<\/div>\n\t\t\t\t<div class=\"elementor-element elementor-element-413b88f3 elementor-widget elementor-widget-text-editor\" data-id=\"413b88f3\" data-element_type=\"widget\" data-widget_type=\"text-editor.default\">\n\t\t\t\t<div class=\"elementor-widget-container\">\n\t\t\t\t\t\t\t<p>Our vast experience in developing laying plans ensures a quality finish and a well-executed project.<\/p>\t\t\t\t\t\t<\/div>\n\t\t\t\t<\/div>\n\t\t\t\t<div class=\"elementor-element elementor-element-28ecf915 elementor-widget elementor-widget-button\" data-id=\"28ecf915\" data-element_type=\"widget\" data-widget_type=\"button.default\">\n\t\t\t\t<div class=\"elementor-widget-container\">\n\t\t\t\t\t<div class=\"elementor-button-wrapper\">\n\t\t\t<a class=\"elementor-button elementor-button-link elementor-size-sm\" href=\"https:\/\/caseymartel.com\/en\/services-ceramic-installer\/\">\n\t\t\t\t\t\t<span class=\"elementor-button-content-wrapper\">\n\t\t\t\t\t\t<span class=\"elementor-button-icon elementor-align-icon-right\">\n\t\t\t\t<i aria-hidden=\"true\" class=\"fas fa-arrow-right\"><\/i>\t\t\t<\/span>\n\t\t\t\t\t\t\t\t\t<span class=\"elementor-button-text\">Our services<\/span>\n\t\t\t\t\t<\/span>\n\t\t\t\t\t<\/a>\n\t\t<\/div>\n\t\t\t\t<\/div>\n\t\t\t\t<\/div>\n\t\t\t\t\t<\/div>\n\t\t<\/div>\n\t\t\t\t<div class=\"elementor-column elementor-col-50 elementor-top-column elementor-element elementor-element-1c617df7\" data-id=\"1c617df7\" data-element_type=\"column\" data-settings=\"{&quot;background_background&quot;:&quot;classic&quot;}\">\n\t\t\t<div class=\"elementor-widget-wrap elementor-element-populated\">\n\t\t\t\t\t\t<div class=\"elementor-element elementor-element-4c4eea00 elementor-widget elementor-widget-heading\" data-id=\"4c4eea00\" data-element_type=\"widget\" data-widget_type=\"heading.default\">\n\t\t\t\t<div class=\"elementor-widget-container\">\n\t\t\t<h6 class=\"elementor-heading-title elementor-size-default\">Get a quote<\/h6>\t\t<\/div>\n\t\t\t\t<\/div>\n\t\t\t\t<div class=\"elementor-element elementor-element-295427e7 elementor-widget elementor-widget-spacer\" data-id=\"295427e7\" data-element_type=\"widget\" data-widget_type=\"spacer.default\">\n\t\t\t\t<div class=\"elementor-widget-container\">\n\t\t\t\t\t<div class=\"elementor-spacer\">\n\t\t\t<div class=\"elementor-spacer-inner\"><\/div>\n\t\t<\/div>\n\t\t\t\t<\/div>\n\t\t\t\t<\/div>\n\t\t\t\t<div class=\"elementor-element elementor-element-3609c6c2 elementor-widget elementor-widget-heading\" data-id=\"3609c6c2\" data-element_type=\"widget\" data-widget_type=\"heading.default\">\n\t\t\t\t<div class=\"elementor-widget-container\">\n\t\t\t<h2 class=\"elementor-heading-title elementor-size-default\">Tell us about your project <\/h2>\t\t<\/div>\n\t\t\t\t<\/div>\n\t\t\t\t<div class=\"elementor-element elementor-element-4f5d202d elementor-widget elementor-widget-spacer\" data-id=\"4f5d202d\" data-element_type=\"widget\" data-widget_type=\"spacer.default\">\n\t\t\t\t<div class=\"elementor-widget-container\">\n\t\t\t\t\t<div class=\"elementor-spacer\">\n\t\t\t<div class=\"elementor-spacer-inner\"><\/div>\n\t\t<\/div>\n\t\t\t\t<\/div>\n\t\t\t\t<\/div>\n\t\t\t\t<div class=\"elementor-element elementor-element-5cb517fb elementor-widget elementor-widget-text-editor\" data-id=\"5cb517fb\" data-element_type=\"widget\" data-widget_type=\"text-editor.default\">\n\t\t\t\t<div class=\"elementor-widget-container\">\n\t\t\t\t\t\t\t<p>Please do not hesitate to ask us for custom designs and custom ceramic installations.<\/p>\t\t\t\t\t\t<\/div>\n\t\t\t\t<\/div>\n\t\t\t\t<div class=\"elementor-element elementor-element-629f4bc4 elementor-widget elementor-widget-button\" data-id=\"629f4bc4\" data-element_type=\"widget\" data-widget_type=\"button.default\">\n\t\t\t\t<div class=\"elementor-widget-container\">\n\t\t\t\t\t<div class=\"elementor-button-wrapper\">\n\t\t\t<a class=\"elementor-button elementor-button-link elementor-size-sm\" href=\"https:\/\/caseymartel.com\/en\/contact-ceramic-installer\/\">\n\t\t\t\t\t\t<span class=\"elementor-button-content-wrapper\">\n\t\t\t\t\t\t<span class=\"elementor-button-icon elementor-align-icon-right\">\n\t\t\t\t<i aria-hidden=\"true\" class=\"fas fa-arrow-right\"><\/i>\t\t\t<\/span>\n\t\t\t\t\t\t\t\t\t<span class=\"elementor-button-text\">Contact Us<\/span>\n\t\t\t\t\t<\/span>\n\t\t\t\t\t<\/a>\n\t\t<\/div>\n\t\t\t\t<\/div>\n\t\t\t\t<\/div>\n\t\t\t\t\t<\/div>\n\t\t<\/div>\n\t\t\t\t\t<\/div>\n\t\t<\/section>\n\t\t\t\t<\/div>\n\t\t","protected":false},"excerpt":{"rendered":"<p>The laying plan, an essential step for a ceramic project We know that careful planning is important to ensure the success of your project. We create laying plans for ceramics to ensure a quality installation. Our employees work diligently to ensure that every aspect of your project is carefully examined and specified in the installation [&hellip;]<\/p>\n","protected":false},"author":1,"featured_media":0,"parent":1147,"menu_order":0,"comment_status":"closed","ping_status":"closed","template":"","meta":{"_monsterinsights_skip_tracking":false,"_monsterinsights_sitenote_active":false,"_monsterinsights_sitenote_note":"","_monsterinsights_sitenote_category":0,"footnotes":""},"yoast_head":"<!-- This site is optimized with the Yoast SEO plugin v22.8 - https:\/\/yoast.com\/wordpress\/plugins\/seo\/ -->\n<title>Development of ceramic laying plans<\/title>\n<meta name=\"description\" content=\"The installation plan, essential step for the realization of each ceramic installation\" \/>\n<meta name=\"robots\" content=\"index, follow, max-snippet:-1, max-image-preview:large, max-video-preview:-1\" \/>\n<link rel=\"canonical\" href=\"https:\/\/caseymartel.com\/services-pose-ceramique\/plan-pose\/\" \/>\n<meta property=\"og:locale\" content=\"en_US\" \/>\n<meta property=\"og:type\" content=\"article\" \/>\n<meta property=\"og:title\" content=\"Development of ceramic laying plans\" \/>\n<meta property=\"og:description\" content=\"The installation plan, essential step for the realization of each ceramic installation\" \/>\n<meta property=\"og:url\" content=\"https:\/\/caseymartel.com\/services-pose-ceramique\/plan-pose\/\" \/>\n<meta property=\"og:site_name\" content=\"Casey Martel\" \/>\n<meta property=\"article:modified_time\" content=\"2020-05-07T01:03:46+00:00\" \/>\n<meta property=\"og:image\" content=\"https:\/\/caseymartel.com\/wp-content\/uploads\/\/2020\/05\/poseur-de-ceramique-997x1024.jpg\" \/>\n<meta name=\"twitter:card\" content=\"summary_large_image\" \/>\n<meta name=\"twitter:label1\" content=\"Est. reading time\" \/>\n\t<meta name=\"twitter:data1\" content=\"1 minute\" \/>\n<script type=\"application\/ld+json\" class=\"yoast-schema-graph\">{\"@context\":\"https:\/\/schema.org\",\"@graph\":[{\"@type\":\"WebPage\",\"@id\":\"https:\/\/caseymartel.com\/services-pose-ceramique\/plan-pose\/\",\"url\":\"https:\/\/caseymartel.com\/services-pose-ceramique\/plan-pose\/\",\"name\":\"Development of ceramic laying plans\",\"isPartOf\":{\"@id\":\"https:\/\/caseymartel.com\/#website\"},\"primaryImageOfPage\":{\"@id\":\"https:\/\/caseymartel.com\/services-pose-ceramique\/plan-pose\/#primaryimage\"},\"image\":{\"@id\":\"https:\/\/caseymartel.com\/services-pose-ceramique\/plan-pose\/#primaryimage\"},\"thumbnailUrl\":\"https:\/\/caseymartel.com\/wp-content\/uploads\/\/2020\/05\/poseur-de-ceramique-997x1024.jpg\",\"datePublished\":\"2020-05-05T19:58:43+00:00\",\"dateModified\":\"2020-05-07T01:03:46+00:00\",\"description\":\"The installation plan, essential step for the realization of each ceramic installation\",\"breadcrumb\":{\"@id\":\"https:\/\/caseymartel.com\/services-pose-ceramique\/plan-pose\/#breadcrumb\"},\"inLanguage\":\"en-US\",\"potentialAction\":[{\"@type\":\"ReadAction\",\"target\":[\"https:\/\/caseymartel.com\/services-pose-ceramique\/plan-pose\/\"]}]},{\"@type\":\"ImageObject\",\"inLanguage\":\"en-US\",\"@id\":\"https:\/\/caseymartel.com\/services-pose-ceramique\/plan-pose\/#primaryimage\",\"url\":\"https:\/\/caseymartel.com\/wp-content\/uploads\/\/2020\/05\/poseur-de-ceramique-997x1024.jpg\",\"contentUrl\":\"https:\/\/caseymartel.com\/wp-content\/uploads\/\/2020\/05\/poseur-de-ceramique-997x1024.jpg\"},{\"@type\":\"BreadcrumbList\",\"@id\":\"https:\/\/caseymartel.com\/services-pose-ceramique\/plan-pose\/#breadcrumb\",\"itemListElement\":[{\"@type\":\"ListItem\",\"position\":1,\"name\":\"Accueil\",\"item\":\"https:\/\/caseymartel.com\/en\/\"},{\"@type\":\"ListItem\",\"position\":2,\"name\":\"Services\",\"item\":\"https:\/\/caseymartel.com\/en\/services-ceramic-installer\/\"},{\"@type\":\"ListItem\",\"position\":3,\"name\":\"Laying plans\"}]},{\"@type\":\"WebSite\",\"@id\":\"https:\/\/caseymartel.com\/#website\",\"url\":\"https:\/\/caseymartel.com\/\",\"name\":\"Casey Martel\",\"description\":\"Pose de c\u00e9ramique: Casey Martel sp\u00e9cialis\u00e9 en pose de c\u00e9ramique!\",\"publisher\":{\"@id\":\"https:\/\/caseymartel.com\/#organization\"},\"potentialAction\":[{\"@type\":\"SearchAction\",\"target\":{\"@type\":\"EntryPoint\",\"urlTemplate\":\"https:\/\/caseymartel.com\/?s={search_term_string}\"},\"query-input\":\"required name=search_term_string\"}],\"inLanguage\":\"en-US\"},{\"@type\":\"Organization\",\"@id\":\"https:\/\/caseymartel.com\/#organization\",\"name\":\"Casey Martel\",\"url\":\"https:\/\/caseymartel.com\/\",\"logo\":{\"@type\":\"ImageObject\",\"inLanguage\":\"en-US\",\"@id\":\"https:\/\/caseymartel.com\/#\/schema\/logo\/image\/\",\"url\":\"https:\/\/caseymartel.com\/wp-content\/uploads\/2020\/04\/logo-casey-martel.svg\",\"contentUrl\":\"https:\/\/caseymartel.com\/wp-content\/uploads\/2020\/04\/logo-casey-martel.svg\",\"width\":317,\"height\":181,\"caption\":\"Casey Martel\"},\"image\":{\"@id\":\"https:\/\/caseymartel.com\/#\/schema\/logo\/image\/\"}}]}<\/script>\n<!-- \/ Yoast SEO plugin. -->","yoast_head_json":{"title":"Development of ceramic laying plans","description":"The installation plan, essential step for the realization of each ceramic installation","robots":{"index":"index","follow":"follow","max-snippet":"max-snippet:-1","max-image-preview":"max-image-preview:large","max-video-preview":"max-video-preview:-1"},"canonical":"https:\/\/caseymartel.com\/services-pose-ceramique\/plan-pose\/","og_locale":"en_US","og_type":"article","og_title":"Development of ceramic laying plans","og_description":"The installation plan, essential step for the realization of each ceramic installation","og_url":"https:\/\/caseymartel.com\/services-pose-ceramique\/plan-pose\/","og_site_name":"Casey Martel","article_modified_time":"2020-05-07T01:03:46+00:00","og_image":[{"url":"https:\/\/caseymartel.com\/wp-content\/uploads\/\/2020\/05\/poseur-de-ceramique-997x1024.jpg"}],"twitter_card":"summary_large_image","twitter_misc":{"Est. reading time":"1 minute"},"schema":{"@context":"https:\/\/schema.org","@graph":[{"@type":"WebPage","@id":"https:\/\/caseymartel.com\/services-pose-ceramique\/plan-pose\/","url":"https:\/\/caseymartel.com\/services-pose-ceramique\/plan-pose\/","name":"Development of ceramic laying plans","isPartOf":{"@id":"https:\/\/caseymartel.com\/#website"},"primaryImageOfPage":{"@id":"https:\/\/caseymartel.com\/services-pose-ceramique\/plan-pose\/#primaryimage"},"image":{"@id":"https:\/\/caseymartel.com\/services-pose-ceramique\/plan-pose\/#primaryimage"},"thumbnailUrl":"https:\/\/caseymartel.com\/wp-content\/uploads\/\/2020\/05\/poseur-de-ceramique-997x1024.jpg","datePublished":"2020-05-05T19:58:43+00:00","dateModified":"2020-05-07T01:03:46+00:00","description":"The installation plan, essential step for the realization of each ceramic installation","breadcrumb":{"@id":"https:\/\/caseymartel.com\/services-pose-ceramique\/plan-pose\/#breadcrumb"},"inLanguage":"en-US","potentialAction":[{"@type":"ReadAction","target":["https:\/\/caseymartel.com\/services-pose-ceramique\/plan-pose\/"]}]},{"@type":"ImageObject","inLanguage":"en-US","@id":"https:\/\/caseymartel.com\/services-pose-ceramique\/plan-pose\/#primaryimage","url":"https:\/\/caseymartel.com\/wp-content\/uploads\/\/2020\/05\/poseur-de-ceramique-997x1024.jpg","contentUrl":"https:\/\/caseymartel.com\/wp-content\/uploads\/\/2020\/05\/poseur-de-ceramique-997x1024.jpg"},{"@type":"BreadcrumbList","@id":"https:\/\/caseymartel.com\/services-pose-ceramique\/plan-pose\/#breadcrumb","itemListElement":[{"@type":"ListItem","position":1,"name":"Accueil","item":"https:\/\/caseymartel.com\/en\/"},{"@type":"ListItem","position":2,"name":"Services","item":"https:\/\/caseymartel.com\/en\/services-ceramic-installer\/"},{"@type":"ListItem","position":3,"name":"Laying plans"}]},{"@type":"WebSite","@id":"https:\/\/caseymartel.com\/#website","url":"https:\/\/caseymartel.com\/","name":"Casey Martel","description":"Pose de c\u00e9ramique: Casey Martel sp\u00e9cialis\u00e9 en pose de c\u00e9ramique!","publisher":{"@id":"https:\/\/caseymartel.com\/#organization"},"potentialAction":[{"@type":"SearchAction","target":{"@type":"EntryPoint","urlTemplate":"https:\/\/caseymartel.com\/?s={search_term_string}"},"query-input":"required name=search_term_string"}],"inLanguage":"en-US"},{"@type":"Organization","@id":"https:\/\/caseymartel.com\/#organization","name":"Casey Martel","url":"https:\/\/caseymartel.com\/","logo":{"@type":"ImageObject","inLanguage":"en-US","@id":"https:\/\/caseymartel.com\/#\/schema\/logo\/image\/","url":"https:\/\/caseymartel.com\/wp-content\/uploads\/2020\/04\/logo-casey-martel.svg","contentUrl":"https:\/\/caseymartel.com\/wp-content\/uploads\/2020\/04\/logo-casey-martel.svg","width":317,"height":181,"caption":"Casey Martel"},"image":{"@id":"https:\/\/caseymartel.com\/#\/schema\/logo\/image\/"}}]}},"_links":{"self":[{"href":"https:\/\/caseymartel.com\/en\/wp-json\/wp\/v2\/pages\/1150"}],"collection":[{"href":"https:\/\/caseymartel.com\/en\/wp-json\/wp\/v2\/pages"}],"about":[{"href":"https:\/\/caseymartel.com\/en\/wp-json\/wp\/v2\/types\/page"}],"author":[{"embeddable":true,"href":"https:\/\/caseymartel.com\/en\/wp-json\/wp\/v2\/users\/1"}],"replies":[{"embeddable":true,"href":"https:\/\/caseymartel.com\/en\/wp-json\/wp\/v2\/comments?post=1150"}],"version-history":[{"count":8,"href":"https:\/\/caseymartel.com\/en\/wp-json\/wp\/v2\/pages\/1150\/revisions"}],"predecessor-version":[{"id":1518,"href":"https:\/\/caseymartel.com\/en\/wp-json\/wp\/v2\/pages\/1150\/revisions\/1518"}],"up":[{"embeddable":true,"href":"https:\/\/caseymartel.com\/en\/wp-json\/wp\/v2\/pages\/1147"}],"wp:attachment":[{"href":"https:\/\/caseymartel.com\/en\/wp-json\/wp\/v2\/media?parent=1150"}],"curies":[{"name":"wp","href":"https:\/\/api.w.org\/{rel}","templated":true}]}}