{"id":1149,"date":"2020-05-05T21:58:41","date_gmt":"2020-05-05T19:58:41","guid":{"rendered":"https:\/\/caseymartel.com\/?page_id=1149"},"modified":"2020-05-07T03:04:01","modified_gmt":"2020-05-07T01:04:01","slug":"optimization-of-existing-systems","status":"publish","type":"page","link":"https:\/\/caseymartel.com\/en\/services-ceramic-installer\/optimization-of-existing-systems\/","title":{"rendered":"Optimization of existing systems"},"content":{"rendered":"\t\t<div data-elementor-type=\"wp-page\" data-elementor-id=\"1149\" class=\"elementor elementor-1149 elementor-17\" data-elementor-post-type=\"page\">\n\t\t\t\t\t\t<section class=\"elementor-section elementor-top-section elementor-element elementor-element-4b0c083e elementor-section-height-min-height elementor-section-boxed elementor-section-height-default elementor-section-items-middle\" data-id=\"4b0c083e\" data-element_type=\"section\" data-settings=\"{&quot;background_background&quot;:&quot;classic&quot;,&quot;background_motion_fx_motion_fx_scrolling&quot;:&quot;yes&quot;,&quot;background_motion_fx_translateY_effect&quot;:&quot;yes&quot;,&quot;background_motion_fx_translateY_speed&quot;:{&quot;unit&quot;:&quot;px&quot;,&quot;size&quot;:6.79999999999999982236431605997495353221893310546875,&quot;sizes&quot;:[]},&quot;background_motion_fx_translateY_affectedRange&quot;:{&quot;unit&quot;:&quot;%&quot;,&quot;size&quot;:&quot;&quot;,&quot;sizes&quot;:{&quot;start&quot;:0,&quot;end&quot;:100}},&quot;background_motion_fx_devices&quot;:[&quot;desktop&quot;,&quot;tablet&quot;,&quot;mobile&quot;]}\">\n\t\t\t\t\t\t\t<div class=\"elementor-background-overlay\"><\/div>\n\t\t\t\t\t\t\t<div class=\"elementor-container elementor-column-gap-default\">\n\t\t\t\t\t<div class=\"elementor-column elementor-col-100 elementor-top-column elementor-element elementor-element-2c94ec03\" data-id=\"2c94ec03\" data-element_type=\"column\">\n\t\t\t<div class=\"elementor-widget-wrap elementor-element-populated\">\n\t\t\t\t\t\t<section class=\"elementor-section elementor-inner-section elementor-element elementor-element-1c64d3c6 elementor-section-boxed elementor-section-height-default elementor-section-height-default\" data-id=\"1c64d3c6\" data-element_type=\"section\">\n\t\t\t\t\t\t<div class=\"elementor-container elementor-column-gap-default\">\n\t\t\t\t\t<div class=\"elementor-column elementor-col-50 elementor-inner-column elementor-element elementor-element-3c21f6c2\" data-id=\"3c21f6c2\" data-element_type=\"column\">\n\t\t\t<div class=\"elementor-widget-wrap elementor-element-populated\">\n\t\t\t\t\t\t<div class=\"elementor-element elementor-element-6d592a9 elementor-widget elementor-widget-heading\" data-id=\"6d592a9\" data-element_type=\"widget\" data-widget_type=\"heading.default\">\n\t\t\t\t<div class=\"elementor-widget-container\">\n\t\t\t<h2 class=\"elementor-heading-title elementor-size-default\">Optimization of existing systems<\/h2>\t\t<\/div>\n\t\t\t\t<\/div>\n\t\t\t\t<div class=\"elementor-element elementor-element-2ccc01c6 elementor-widget elementor-widget-text-editor\" data-id=\"2ccc01c6\" data-element_type=\"widget\" data-widget_type=\"text-editor.default\">\n\t\t\t\t<div class=\"elementor-widget-container\">\n\t\t\t\t\t\t\t<p>We also optimize existing systems. The quality is reflected in our work and the results we achieve. Our employees work together to combine their talents and experience to increase the efficiency of an existing ceramic installation through system optimization.<\/p>\t\t\t\t\t\t<\/div>\n\t\t\t\t<\/div>\n\t\t\t\t\t<\/div>\n\t\t<\/div>\n\t\t\t\t<div class=\"elementor-column elementor-col-50 elementor-inner-column elementor-element elementor-element-3ad55245\" data-id=\"3ad55245\" data-element_type=\"column\">\n\t\t\t<div class=\"elementor-widget-wrap\">\n\t\t\t\t\t\t\t<\/div>\n\t\t<\/div>\n\t\t\t\t\t<\/div>\n\t\t<\/section>\n\t\t\t\t\t<\/div>\n\t\t<\/div>\n\t\t\t\t\t<\/div>\n\t\t<\/section>\n\t\t\t\t<section class=\"elementor-section elementor-top-section elementor-element elementor-element-5f86e01e elementor-section-content-middle elementor-section-boxed elementor-section-height-default elementor-section-height-default\" data-id=\"5f86e01e\" data-element_type=\"section\">\n\t\t\t\t\t\t<div class=\"elementor-container elementor-column-gap-default\">\n\t\t\t\t\t<div class=\"elementor-column elementor-col-50 elementor-top-column elementor-element elementor-element-53c69ae2\" data-id=\"53c69ae2\" data-element_type=\"column\">\n\t\t\t<div class=\"elementor-widget-wrap elementor-element-populated\">\n\t\t\t\t\t\t<div class=\"elementor-element elementor-element-1ab29c37 elementor-widget elementor-widget-text-editor\" data-id=\"1ab29c37\" data-element_type=\"widget\" data-widget_type=\"text-editor.default\">\n\t\t\t\t<div class=\"elementor-widget-container\">\n\t\t\t\t\t\t\t<h3>Here are the optimization works that we carry out:<\/h3><ul><li>Schluter showers<\/li><li>Kerdi-Board<\/li><li>Kerdi-Line-Drain<\/li><li>Kerdi-Shower-Kit<\/li><li>Schluter heated flooring<\/li><li>Ditra-Heat membrane<\/li><li>Resilient cable<\/li><li>Touch screen thermostat<\/li><li>Isolofoam HD-30<\/li><li>Soundproofing membranes<\/li><\/ul>\t\t\t\t\t\t<\/div>\n\t\t\t\t<\/div>\n\t\t\t\t\t<\/div>\n\t\t<\/div>\n\t\t\t\t<div class=\"elementor-column elementor-col-50 elementor-top-column elementor-element elementor-element-31b7168c\" data-id=\"31b7168c\" data-element_type=\"column\">\n\t\t\t<div class=\"elementor-widget-wrap elementor-element-populated\">\n\t\t\t\t\t\t<div class=\"elementor-element elementor-element-6dd390e elementor-widget elementor-widget-image\" data-id=\"6dd390e\" data-element_type=\"widget\" data-settings=\"{&quot;motion_fx_motion_fx_scrolling&quot;:&quot;yes&quot;,&quot;motion_fx_translateY_effect&quot;:&quot;yes&quot;,&quot;motion_fx_translateY_speed&quot;:{&quot;unit&quot;:&quot;px&quot;,&quot;size&quot;:1.5,&quot;sizes&quot;:[]},&quot;motion_fx_devices&quot;:[&quot;desktop&quot;,&quot;tablet&quot;],&quot;motion_fx_translateY_affectedRange&quot;:{&quot;unit&quot;:&quot;%&quot;,&quot;size&quot;:&quot;&quot;,&quot;sizes&quot;:{&quot;start&quot;:0,&quot;end&quot;:100}}}\" data-widget_type=\"image.default\">\n\t\t\t\t<div class=\"elementor-widget-container\">\n\t\t\t\t\t\t\t\t\t\t\t\t\t<img fetchpriority=\"high\" decoding=\"async\" width=\"800\" height=\"800\" src=\"https:\/\/caseymartel.com\/wp-content\/uploads\/2020\/04\/poseur-ceramique-salle-de-bain-10-1024x1024.jpg\" class=\"attachment-large size-large wp-image-1077\" alt=\"\" srcset=\"https:\/\/caseymartel.com\/wp-content\/uploads\/2020\/04\/poseur-ceramique-salle-de-bain-10-1024x1024.jpg 1024w, https:\/\/caseymartel.com\/wp-content\/uploads\/2020\/04\/poseur-ceramique-salle-de-bain-10-300x300.jpg 300w, https:\/\/caseymartel.com\/wp-content\/uploads\/2020\/04\/poseur-ceramique-salle-de-bain-10-150x150.jpg 150w, https:\/\/caseymartel.com\/wp-content\/uploads\/2020\/04\/poseur-ceramique-salle-de-bain-10-768x768.jpg 768w, https:\/\/caseymartel.com\/wp-content\/uploads\/2020\/04\/poseur-ceramique-salle-de-bain-10-1536x1536.jpg 1536w, https:\/\/caseymartel.com\/wp-content\/uploads\/2020\/04\/poseur-ceramique-salle-de-bain-10.jpg 2000w\" sizes=\"(max-width: 800px) 100vw, 800px\" \/>\t\t\t\t\t\t\t\t\t\t\t\t\t<\/div>\n\t\t\t\t<\/div>\n\t\t\t\t\t<\/div>\n\t\t<\/div>\n\t\t\t\t\t<\/div>\n\t\t<\/section>\n\t\t\t\t<section class=\"elementor-section elementor-top-section elementor-element elementor-element-1c4cb2 elementor-section-full_width elementor-section-height-default elementor-section-height-default\" data-id=\"1c4cb2\" data-element_type=\"section\">\n\t\t\t\t\t\t<div class=\"elementor-container elementor-column-gap-default\">\n\t\t\t\t\t<div class=\"elementor-column elementor-col-50 elementor-top-column elementor-element elementor-element-13b65ab5\" data-id=\"13b65ab5\" data-element_type=\"column\" data-settings=\"{&quot;background_background&quot;:&quot;classic&quot;}\">\n\t\t\t<div class=\"elementor-widget-wrap elementor-element-populated\">\n\t\t\t\t\t\t<div class=\"elementor-element elementor-element-37d417f2 elementor-widget elementor-widget-heading\" data-id=\"37d417f2\" data-element_type=\"widget\" data-widget_type=\"heading.default\">\n\t\t\t\t<div class=\"elementor-widget-container\">\n\t\t\t<h6 class=\"elementor-heading-title elementor-size-default\">Experience<\/h6>\t\t<\/div>\n\t\t\t\t<\/div>\n\t\t\t\t<div class=\"elementor-element elementor-element-32c45c01 elementor-widget elementor-widget-spacer\" data-id=\"32c45c01\" data-element_type=\"widget\" data-widget_type=\"spacer.default\">\n\t\t\t\t<div class=\"elementor-widget-container\">\n\t\t\t\t\t<div class=\"elementor-spacer\">\n\t\t\t<div class=\"elementor-spacer-inner\"><\/div>\n\t\t<\/div>\n\t\t\t\t<\/div>\n\t\t\t\t<\/div>\n\t\t\t\t<div class=\"elementor-element elementor-element-4730898e elementor-widget elementor-widget-heading\" data-id=\"4730898e\" data-element_type=\"widget\" data-widget_type=\"heading.default\">\n\t\t\t\t<div class=\"elementor-widget-container\">\n\t\t\t<h2 class=\"elementor-heading-title elementor-size-default\">For high-quality optimizations<\/h2>\t\t<\/div>\n\t\t\t\t<\/div>\n\t\t\t\t<div class=\"elementor-element elementor-element-668931bb elementor-widget elementor-widget-spacer\" data-id=\"668931bb\" data-element_type=\"widget\" data-widget_type=\"spacer.default\">\n\t\t\t\t<div class=\"elementor-widget-container\">\n\t\t\t\t\t<div class=\"elementor-spacer\">\n\t\t\t<div class=\"elementor-spacer-inner\"><\/div>\n\t\t<\/div>\n\t\t\t\t<\/div>\n\t\t\t\t<\/div>\n\t\t\t\t<div class=\"elementor-element elementor-element-55ce8989 elementor-widget elementor-widget-text-editor\" data-id=\"55ce8989\" data-element_type=\"widget\" data-widget_type=\"text-editor.default\">\n\t\t\t\t<div class=\"elementor-widget-container\">\n\t\t\t\t\t\t\t<p>Our extensive experience in optimizing existing systems ensures a well-executed project.<\/p>\t\t\t\t\t\t<\/div>\n\t\t\t\t<\/div>\n\t\t\t\t<div class=\"elementor-element elementor-element-5c8c1925 elementor-widget elementor-widget-button\" data-id=\"5c8c1925\" data-element_type=\"widget\" data-widget_type=\"button.default\">\n\t\t\t\t<div class=\"elementor-widget-container\">\n\t\t\t\t\t<div class=\"elementor-button-wrapper\">\n\t\t\t<a class=\"elementor-button elementor-button-link elementor-size-sm\" href=\"https:\/\/caseymartel.com\/en\/services-ceramic-installer\/\">\n\t\t\t\t\t\t<span class=\"elementor-button-content-wrapper\">\n\t\t\t\t\t\t<span class=\"elementor-button-icon elementor-align-icon-right\">\n\t\t\t\t<i aria-hidden=\"true\" class=\"fas fa-arrow-right\"><\/i>\t\t\t<\/span>\n\t\t\t\t\t\t\t\t\t<span class=\"elementor-button-text\">Our services<\/span>\n\t\t\t\t\t<\/span>\n\t\t\t\t\t<\/a>\n\t\t<\/div>\n\t\t\t\t<\/div>\n\t\t\t\t<\/div>\n\t\t\t\t\t<\/div>\n\t\t<\/div>\n\t\t\t\t<div class=\"elementor-column elementor-col-50 elementor-top-column elementor-element elementor-element-455593f4\" data-id=\"455593f4\" data-element_type=\"column\" data-settings=\"{&quot;background_background&quot;:&quot;classic&quot;}\">\n\t\t\t<div class=\"elementor-widget-wrap elementor-element-populated\">\n\t\t\t\t\t\t<div class=\"elementor-element elementor-element-f04c746 elementor-widget elementor-widget-heading\" data-id=\"f04c746\" data-element_type=\"widget\" data-widget_type=\"heading.default\">\n\t\t\t\t<div class=\"elementor-widget-container\">\n\t\t\t<h6 class=\"elementor-heading-title elementor-size-default\">Get a quote<\/h6>\t\t<\/div>\n\t\t\t\t<\/div>\n\t\t\t\t<div class=\"elementor-element elementor-element-23a3629a elementor-widget elementor-widget-spacer\" data-id=\"23a3629a\" data-element_type=\"widget\" data-widget_type=\"spacer.default\">\n\t\t\t\t<div class=\"elementor-widget-container\">\n\t\t\t\t\t<div class=\"elementor-spacer\">\n\t\t\t<div class=\"elementor-spacer-inner\"><\/div>\n\t\t<\/div>\n\t\t\t\t<\/div>\n\t\t\t\t<\/div>\n\t\t\t\t<div class=\"elementor-element elementor-element-70de4dfc elementor-widget elementor-widget-heading\" data-id=\"70de4dfc\" data-element_type=\"widget\" data-widget_type=\"heading.default\">\n\t\t\t\t<div class=\"elementor-widget-container\">\n\t\t\t<h2 class=\"elementor-heading-title elementor-size-default\">Tell us about your optimization project<\/h2>\t\t<\/div>\n\t\t\t\t<\/div>\n\t\t\t\t<div class=\"elementor-element elementor-element-b105eeb elementor-widget elementor-widget-spacer\" data-id=\"b105eeb\" data-element_type=\"widget\" data-widget_type=\"spacer.default\">\n\t\t\t\t<div class=\"elementor-widget-container\">\n\t\t\t\t\t<div class=\"elementor-spacer\">\n\t\t\t<div class=\"elementor-spacer-inner\"><\/div>\n\t\t<\/div>\n\t\t\t\t<\/div>\n\t\t\t\t<\/div>\n\t\t\t\t<div class=\"elementor-element elementor-element-353f888d elementor-widget elementor-widget-text-editor\" data-id=\"353f888d\" data-element_type=\"widget\" data-widget_type=\"text-editor.default\">\n\t\t\t\t<div class=\"elementor-widget-container\">\n\t\t\t\t\t\t\t<p>Please do not hesitate to send us your optimization requests so that we can suggest systems adapted to your situation.<\/p>\t\t\t\t\t\t<\/div>\n\t\t\t\t<\/div>\n\t\t\t\t<div class=\"elementor-element elementor-element-782de13c elementor-widget elementor-widget-button\" data-id=\"782de13c\" data-element_type=\"widget\" data-widget_type=\"button.default\">\n\t\t\t\t<div class=\"elementor-widget-container\">\n\t\t\t\t\t<div class=\"elementor-button-wrapper\">\n\t\t\t<a class=\"elementor-button elementor-button-link elementor-size-sm\" href=\"https:\/\/caseymartel.com\/en\/contact-ceramic-installer\/\">\n\t\t\t\t\t\t<span class=\"elementor-button-content-wrapper\">\n\t\t\t\t\t\t<span class=\"elementor-button-icon elementor-align-icon-right\">\n\t\t\t\t<i aria-hidden=\"true\" class=\"fas fa-arrow-right\"><\/i>\t\t\t<\/span>\n\t\t\t\t\t\t\t\t\t<span class=\"elementor-button-text\">Contact us<\/span>\n\t\t\t\t\t<\/span>\n\t\t\t\t\t<\/a>\n\t\t<\/div>\n\t\t\t\t<\/div>\n\t\t\t\t<\/div>\n\t\t\t\t\t<\/div>\n\t\t<\/div>\n\t\t\t\t\t<\/div>\n\t\t<\/section>\n\t\t\t\t<\/div>\n\t\t","protected":false},"excerpt":{"rendered":"<p>Optimization of existing systems We also optimize existing systems. The quality is reflected in our work and the results we achieve. Our employees work together to combine their talents and experience to increase the efficiency of an existing ceramic installation through system optimization. Here are the optimization works that we carry out: Schluter showers Kerdi-Board [&hellip;]<\/p>\n","protected":false},"author":1,"featured_media":0,"parent":1147,"menu_order":0,"comment_status":"closed","ping_status":"closed","template":"","meta":{"_monsterinsights_skip_tracking":false,"_monsterinsights_sitenote_active":false,"_monsterinsights_sitenote_note":"","_monsterinsights_sitenote_category":0,"footnotes":""},"yoast_head":"<!-- This site is optimized with the Yoast SEO plugin v22.8 - https:\/\/yoast.com\/wordpress\/plugins\/seo\/ -->\n<title>Correction of problems on existing ceramic installations<\/title>\n<meta name=\"description\" content=\"Casey Martel repairs and fixes problems on existing ceramic installations\" \/>\n<meta name=\"robots\" content=\"index, follow, max-snippet:-1, max-image-preview:large, max-video-preview:-1\" \/>\n<link rel=\"canonical\" href=\"https:\/\/caseymartel.com\/services-pose-ceramique\/optimisation-systemes\/\" \/>\n<meta property=\"og:locale\" content=\"en_US\" \/>\n<meta property=\"og:type\" content=\"article\" \/>\n<meta property=\"og:title\" content=\"Correction of problems on existing ceramic installations\" \/>\n<meta property=\"og:description\" content=\"Casey Martel repairs and fixes problems on existing ceramic installations\" \/>\n<meta property=\"og:url\" content=\"https:\/\/caseymartel.com\/services-pose-ceramique\/optimisation-systemes\/\" \/>\n<meta property=\"og:site_name\" content=\"Casey Martel\" \/>\n<meta property=\"article:modified_time\" content=\"2020-05-07T01:04:01+00:00\" \/>\n<meta property=\"og:image\" content=\"https:\/\/caseymartel.com\/wp-content\/uploads\/\/2020\/04\/poseur-ceramique-salle-de-bain-10-1024x1024.jpg\" \/>\n<meta name=\"twitter:card\" content=\"summary_large_image\" \/>\n<meta name=\"twitter:label1\" content=\"Est. reading time\" \/>\n\t<meta name=\"twitter:data1\" content=\"1 minute\" \/>\n<script type=\"application\/ld+json\" class=\"yoast-schema-graph\">{\"@context\":\"https:\/\/schema.org\",\"@graph\":[{\"@type\":\"WebPage\",\"@id\":\"https:\/\/caseymartel.com\/services-pose-ceramique\/optimisation-systemes\/\",\"url\":\"https:\/\/caseymartel.com\/services-pose-ceramique\/optimisation-systemes\/\",\"name\":\"Correction of problems on existing ceramic installations\",\"isPartOf\":{\"@id\":\"https:\/\/caseymartel.com\/#website\"},\"primaryImageOfPage\":{\"@id\":\"https:\/\/caseymartel.com\/services-pose-ceramique\/optimisation-systemes\/#primaryimage\"},\"image\":{\"@id\":\"https:\/\/caseymartel.com\/services-pose-ceramique\/optimisation-systemes\/#primaryimage\"},\"thumbnailUrl\":\"https:\/\/caseymartel.com\/wp-content\/uploads\/\/2020\/04\/poseur-ceramique-salle-de-bain-10-1024x1024.jpg\",\"datePublished\":\"2020-05-05T19:58:41+00:00\",\"dateModified\":\"2020-05-07T01:04:01+00:00\",\"description\":\"Casey Martel repairs and fixes problems on existing ceramic installations\",\"breadcrumb\":{\"@id\":\"https:\/\/caseymartel.com\/services-pose-ceramique\/optimisation-systemes\/#breadcrumb\"},\"inLanguage\":\"en-US\",\"potentialAction\":[{\"@type\":\"ReadAction\",\"target\":[\"https:\/\/caseymartel.com\/services-pose-ceramique\/optimisation-systemes\/\"]}]},{\"@type\":\"ImageObject\",\"inLanguage\":\"en-US\",\"@id\":\"https:\/\/caseymartel.com\/services-pose-ceramique\/optimisation-systemes\/#primaryimage\",\"url\":\"https:\/\/caseymartel.com\/wp-content\/uploads\/\/2020\/04\/poseur-ceramique-salle-de-bain-10-1024x1024.jpg\",\"contentUrl\":\"https:\/\/caseymartel.com\/wp-content\/uploads\/\/2020\/04\/poseur-ceramique-salle-de-bain-10-1024x1024.jpg\"},{\"@type\":\"BreadcrumbList\",\"@id\":\"https:\/\/caseymartel.com\/services-pose-ceramique\/optimisation-systemes\/#breadcrumb\",\"itemListElement\":[{\"@type\":\"ListItem\",\"position\":1,\"name\":\"Accueil\",\"item\":\"https:\/\/caseymartel.com\/en\/\"},{\"@type\":\"ListItem\",\"position\":2,\"name\":\"Services\",\"item\":\"https:\/\/caseymartel.com\/en\/services-ceramic-installer\/\"},{\"@type\":\"ListItem\",\"position\":3,\"name\":\"Optimization of existing systems\"}]},{\"@type\":\"WebSite\",\"@id\":\"https:\/\/caseymartel.com\/#website\",\"url\":\"https:\/\/caseymartel.com\/\",\"name\":\"Casey Martel\",\"description\":\"Pose de c\u00e9ramique: Casey Martel sp\u00e9cialis\u00e9 en pose de c\u00e9ramique!\",\"publisher\":{\"@id\":\"https:\/\/caseymartel.com\/#organization\"},\"potentialAction\":[{\"@type\":\"SearchAction\",\"target\":{\"@type\":\"EntryPoint\",\"urlTemplate\":\"https:\/\/caseymartel.com\/?s={search_term_string}\"},\"query-input\":\"required name=search_term_string\"}],\"inLanguage\":\"en-US\"},{\"@type\":\"Organization\",\"@id\":\"https:\/\/caseymartel.com\/#organization\",\"name\":\"Casey Martel\",\"url\":\"https:\/\/caseymartel.com\/\",\"logo\":{\"@type\":\"ImageObject\",\"inLanguage\":\"en-US\",\"@id\":\"https:\/\/caseymartel.com\/#\/schema\/logo\/image\/\",\"url\":\"https:\/\/caseymartel.com\/wp-content\/uploads\/2020\/04\/logo-casey-martel.svg\",\"contentUrl\":\"https:\/\/caseymartel.com\/wp-content\/uploads\/2020\/04\/logo-casey-martel.svg\",\"width\":317,\"height\":181,\"caption\":\"Casey Martel\"},\"image\":{\"@id\":\"https:\/\/caseymartel.com\/#\/schema\/logo\/image\/\"}}]}<\/script>\n<!-- \/ Yoast SEO plugin. -->","yoast_head_json":{"title":"Correction of problems on existing ceramic installations","description":"Casey Martel repairs and fixes problems on existing ceramic installations","robots":{"index":"index","follow":"follow","max-snippet":"max-snippet:-1","max-image-preview":"max-image-preview:large","max-video-preview":"max-video-preview:-1"},"canonical":"https:\/\/caseymartel.com\/services-pose-ceramique\/optimisation-systemes\/","og_locale":"en_US","og_type":"article","og_title":"Correction of problems on existing ceramic installations","og_description":"Casey Martel repairs and fixes problems on existing ceramic installations","og_url":"https:\/\/caseymartel.com\/services-pose-ceramique\/optimisation-systemes\/","og_site_name":"Casey Martel","article_modified_time":"2020-05-07T01:04:01+00:00","og_image":[{"url":"https:\/\/caseymartel.com\/wp-content\/uploads\/\/2020\/04\/poseur-ceramique-salle-de-bain-10-1024x1024.jpg"}],"twitter_card":"summary_large_image","twitter_misc":{"Est. reading time":"1 minute"},"schema":{"@context":"https:\/\/schema.org","@graph":[{"@type":"WebPage","@id":"https:\/\/caseymartel.com\/services-pose-ceramique\/optimisation-systemes\/","url":"https:\/\/caseymartel.com\/services-pose-ceramique\/optimisation-systemes\/","name":"Correction of problems on existing ceramic installations","isPartOf":{"@id":"https:\/\/caseymartel.com\/#website"},"primaryImageOfPage":{"@id":"https:\/\/caseymartel.com\/services-pose-ceramique\/optimisation-systemes\/#primaryimage"},"image":{"@id":"https:\/\/caseymartel.com\/services-pose-ceramique\/optimisation-systemes\/#primaryimage"},"thumbnailUrl":"https:\/\/caseymartel.com\/wp-content\/uploads\/\/2020\/04\/poseur-ceramique-salle-de-bain-10-1024x1024.jpg","datePublished":"2020-05-05T19:58:41+00:00","dateModified":"2020-05-07T01:04:01+00:00","description":"Casey Martel repairs and fixes problems on existing ceramic installations","breadcrumb":{"@id":"https:\/\/caseymartel.com\/services-pose-ceramique\/optimisation-systemes\/#breadcrumb"},"inLanguage":"en-US","potentialAction":[{"@type":"ReadAction","target":["https:\/\/caseymartel.com\/services-pose-ceramique\/optimisation-systemes\/"]}]},{"@type":"ImageObject","inLanguage":"en-US","@id":"https:\/\/caseymartel.com\/services-pose-ceramique\/optimisation-systemes\/#primaryimage","url":"https:\/\/caseymartel.com\/wp-content\/uploads\/\/2020\/04\/poseur-ceramique-salle-de-bain-10-1024x1024.jpg","contentUrl":"https:\/\/caseymartel.com\/wp-content\/uploads\/\/2020\/04\/poseur-ceramique-salle-de-bain-10-1024x1024.jpg"},{"@type":"BreadcrumbList","@id":"https:\/\/caseymartel.com\/services-pose-ceramique\/optimisation-systemes\/#breadcrumb","itemListElement":[{"@type":"ListItem","position":1,"name":"Accueil","item":"https:\/\/caseymartel.com\/en\/"},{"@type":"ListItem","position":2,"name":"Services","item":"https:\/\/caseymartel.com\/en\/services-ceramic-installer\/"},{"@type":"ListItem","position":3,"name":"Optimization of existing systems"}]},{"@type":"WebSite","@id":"https:\/\/caseymartel.com\/#website","url":"https:\/\/caseymartel.com\/","name":"Casey Martel","description":"Pose de c\u00e9ramique: Casey Martel sp\u00e9cialis\u00e9 en pose de c\u00e9ramique!","publisher":{"@id":"https:\/\/caseymartel.com\/#organization"},"potentialAction":[{"@type":"SearchAction","target":{"@type":"EntryPoint","urlTemplate":"https:\/\/caseymartel.com\/?s={search_term_string}"},"query-input":"required name=search_term_string"}],"inLanguage":"en-US"},{"@type":"Organization","@id":"https:\/\/caseymartel.com\/#organization","name":"Casey Martel","url":"https:\/\/caseymartel.com\/","logo":{"@type":"ImageObject","inLanguage":"en-US","@id":"https:\/\/caseymartel.com\/#\/schema\/logo\/image\/","url":"https:\/\/caseymartel.com\/wp-content\/uploads\/2020\/04\/logo-casey-martel.svg","contentUrl":"https:\/\/caseymartel.com\/wp-content\/uploads\/2020\/04\/logo-casey-martel.svg","width":317,"height":181,"caption":"Casey Martel"},"image":{"@id":"https:\/\/caseymartel.com\/#\/schema\/logo\/image\/"}}]}},"_links":{"self":[{"href":"https:\/\/caseymartel.com\/en\/wp-json\/wp\/v2\/pages\/1149"}],"collection":[{"href":"https:\/\/caseymartel.com\/en\/wp-json\/wp\/v2\/pages"}],"about":[{"href":"https:\/\/caseymartel.com\/en\/wp-json\/wp\/v2\/types\/page"}],"author":[{"embeddable":true,"href":"https:\/\/caseymartel.com\/en\/wp-json\/wp\/v2\/users\/1"}],"replies":[{"embeddable":true,"href":"https:\/\/caseymartel.com\/en\/wp-json\/wp\/v2\/comments?post=1149"}],"version-history":[{"count":8,"href":"https:\/\/caseymartel.com\/en\/wp-json\/wp\/v2\/pages\/1149\/revisions"}],"predecessor-version":[{"id":1522,"href":"https:\/\/caseymartel.com\/en\/wp-json\/wp\/v2\/pages\/1149\/revisions\/1522"}],"up":[{"embeddable":true,"href":"https:\/\/caseymartel.com\/en\/wp-json\/wp\/v2\/pages\/1147"}],"wp:attachment":[{"href":"https:\/\/caseymartel.com\/en\/wp-json\/wp\/v2\/media?parent=1149"}],"curies":[{"name":"wp","href":"https:\/\/api.w.org\/{rel}","templated":true}]}}