{"id":1148,"date":"2020-05-05T21:58:39","date_gmt":"2020-05-05T19:58:39","guid":{"rendered":"https:\/\/caseymartel.com\/?page_id=1148"},"modified":"2020-05-07T03:04:11","modified_gmt":"2020-05-07T01:04:11","slug":"corrections-of-problems","status":"publish","type":"page","link":"https:\/\/caseymartel.com\/en\/services-ceramic-installer\/corrections-of-problems\/","title":{"rendered":"Corrections of problems"},"content":{"rendered":"\t\t<div data-elementor-type=\"wp-page\" data-elementor-id=\"1148\" class=\"elementor elementor-1148 elementor-15\" data-elementor-post-type=\"page\">\n\t\t\t\t\t\t<section class=\"elementor-section elementor-top-section elementor-element elementor-element-41103744 elementor-section-height-min-height elementor-section-boxed elementor-section-height-default elementor-section-items-middle\" data-id=\"41103744\" data-element_type=\"section\" data-settings=\"{&quot;background_background&quot;:&quot;classic&quot;,&quot;background_motion_fx_motion_fx_scrolling&quot;:&quot;yes&quot;,&quot;background_motion_fx_translateY_effect&quot;:&quot;yes&quot;,&quot;background_motion_fx_translateY_speed&quot;:{&quot;unit&quot;:&quot;px&quot;,&quot;size&quot;:6.79999999999999982236431605997495353221893310546875,&quot;sizes&quot;:[]},&quot;background_motion_fx_translateY_affectedRange&quot;:{&quot;unit&quot;:&quot;%&quot;,&quot;size&quot;:&quot;&quot;,&quot;sizes&quot;:{&quot;start&quot;:0,&quot;end&quot;:100}},&quot;background_motion_fx_devices&quot;:[&quot;desktop&quot;,&quot;tablet&quot;,&quot;mobile&quot;]}\">\n\t\t\t\t\t\t\t<div class=\"elementor-background-overlay\"><\/div>\n\t\t\t\t\t\t\t<div class=\"elementor-container elementor-column-gap-default\">\n\t\t\t\t\t<div class=\"elementor-column elementor-col-100 elementor-top-column elementor-element elementor-element-4f688546\" data-id=\"4f688546\" data-element_type=\"column\">\n\t\t\t<div class=\"elementor-widget-wrap elementor-element-populated\">\n\t\t\t\t\t\t<section class=\"elementor-section elementor-inner-section elementor-element elementor-element-5b24fcb8 elementor-section-boxed elementor-section-height-default elementor-section-height-default\" data-id=\"5b24fcb8\" data-element_type=\"section\">\n\t\t\t\t\t\t<div class=\"elementor-container elementor-column-gap-default\">\n\t\t\t\t\t<div class=\"elementor-column elementor-col-50 elementor-inner-column elementor-element elementor-element-446a9feb\" data-id=\"446a9feb\" data-element_type=\"column\">\n\t\t\t<div class=\"elementor-widget-wrap elementor-element-populated\">\n\t\t\t\t\t\t<div class=\"elementor-element elementor-element-27ed1d9d elementor-widget elementor-widget-heading\" data-id=\"27ed1d9d\" data-element_type=\"widget\" data-widget_type=\"heading.default\">\n\t\t\t\t<div class=\"elementor-widget-container\">\n\t\t\t<h2 class=\"elementor-heading-title elementor-size-default\">Corrections of problems on existing ceramic installations<\/h2>\t\t<\/div>\n\t\t\t\t<\/div>\n\t\t\t\t<div class=\"elementor-element elementor-element-439938f1 elementor-widget elementor-widget-text-editor\" data-id=\"439938f1\" data-element_type=\"widget\" data-widget_type=\"text-editor.default\">\n\t\t\t\t<div class=\"elementor-widget-container\">\n\t\t\t\t\t\t\t<p>Our passion is creating high-end ceramic installations, but sometimes we correct ceramic problems on existing installations, carried out by other contractors.<\/p>\t\t\t\t\t\t<\/div>\n\t\t\t\t<\/div>\n\t\t\t\t\t<\/div>\n\t\t<\/div>\n\t\t\t\t<div class=\"elementor-column elementor-col-50 elementor-inner-column elementor-element elementor-element-a3027c4\" data-id=\"a3027c4\" data-element_type=\"column\">\n\t\t\t<div class=\"elementor-widget-wrap\">\n\t\t\t\t\t\t\t<\/div>\n\t\t<\/div>\n\t\t\t\t\t<\/div>\n\t\t<\/section>\n\t\t\t\t\t<\/div>\n\t\t<\/div>\n\t\t\t\t\t<\/div>\n\t\t<\/section>\n\t\t\t\t<section class=\"elementor-section elementor-top-section elementor-element elementor-element-2315d4d4 elementor-section-content-middle elementor-section-boxed elementor-section-height-default elementor-section-height-default\" data-id=\"2315d4d4\" data-element_type=\"section\">\n\t\t\t\t\t\t<div class=\"elementor-container elementor-column-gap-default\">\n\t\t\t\t\t<div class=\"elementor-column elementor-col-50 elementor-top-column elementor-element elementor-element-497d3aa4\" data-id=\"497d3aa4\" data-element_type=\"column\">\n\t\t\t<div class=\"elementor-widget-wrap elementor-element-populated\">\n\t\t\t\t\t\t<div class=\"elementor-element elementor-element-1a53e706 elementor-widget elementor-widget-text-editor\" data-id=\"1a53e706\" data-element_type=\"widget\" data-widget_type=\"text-editor.default\">\n\t\t\t\t<div class=\"elementor-widget-container\">\n\t\t\t\t\t\t\t<h3>Here are some ceramic problem corrections that we carry out:<\/h3><ul><li>Addition of expansion joints<\/li><li>MAPEI sound reduction<\/li><li>Surface leveling with self-leveling mortar<\/li><li>Self-leveling discs for uneven ground<\/li><li>Ultra-care cleaning<\/li><li>Polishing and sealing of natural stone<\/li><li>Grout coloring<\/li><\/ul>\t\t\t\t\t\t<\/div>\n\t\t\t\t<\/div>\n\t\t\t\t\t<\/div>\n\t\t<\/div>\n\t\t\t\t<div class=\"elementor-column elementor-col-50 elementor-top-column elementor-element elementor-element-4fdf274e\" data-id=\"4fdf274e\" data-element_type=\"column\">\n\t\t\t<div class=\"elementor-widget-wrap elementor-element-populated\">\n\t\t\t\t\t\t<div class=\"elementor-element elementor-element-4a0ae053 elementor-widget elementor-widget-image\" data-id=\"4a0ae053\" data-element_type=\"widget\" data-settings=\"{&quot;motion_fx_motion_fx_scrolling&quot;:&quot;yes&quot;,&quot;motion_fx_translateY_effect&quot;:&quot;yes&quot;,&quot;motion_fx_translateY_speed&quot;:{&quot;unit&quot;:&quot;px&quot;,&quot;size&quot;:1.5,&quot;sizes&quot;:[]},&quot;motion_fx_devices&quot;:[&quot;desktop&quot;,&quot;tablet&quot;],&quot;motion_fx_translateY_affectedRange&quot;:{&quot;unit&quot;:&quot;%&quot;,&quot;size&quot;:&quot;&quot;,&quot;sizes&quot;:{&quot;start&quot;:0,&quot;end&quot;:100}}}\" data-widget_type=\"image.default\">\n\t\t\t\t<div class=\"elementor-widget-container\">\n\t\t\t\t\t\t\t\t\t\t\t\t\t<img fetchpriority=\"high\" decoding=\"async\" width=\"767\" height=\"1024\" src=\"https:\/\/caseymartel.com\/wp-content\/uploads\/2020\/04\/poseur-ceramique-salle-de-bain-13-767x1024.jpg\" class=\"attachment-large size-large wp-image-1080\" alt=\"\" srcset=\"https:\/\/caseymartel.com\/wp-content\/uploads\/2020\/04\/poseur-ceramique-salle-de-bain-13-767x1024.jpg 767w, https:\/\/caseymartel.com\/wp-content\/uploads\/2020\/04\/poseur-ceramique-salle-de-bain-13-225x300.jpg 225w, https:\/\/caseymartel.com\/wp-content\/uploads\/2020\/04\/poseur-ceramique-salle-de-bain-13-768x1025.jpg 768w, https:\/\/caseymartel.com\/wp-content\/uploads\/2020\/04\/poseur-ceramique-salle-de-bain-13-1151x1536.jpg 1151w, https:\/\/caseymartel.com\/wp-content\/uploads\/2020\/04\/poseur-ceramique-salle-de-bain-13.jpg 1499w\" sizes=\"(max-width: 767px) 100vw, 767px\" \/>\t\t\t\t\t\t\t\t\t\t\t\t\t<\/div>\n\t\t\t\t<\/div>\n\t\t\t\t\t<\/div>\n\t\t<\/div>\n\t\t\t\t\t<\/div>\n\t\t<\/section>\n\t\t\t\t<section class=\"elementor-section elementor-top-section elementor-element elementor-element-75d79cbd elementor-section-full_width elementor-section-height-default elementor-section-height-default\" data-id=\"75d79cbd\" data-element_type=\"section\">\n\t\t\t\t\t\t<div class=\"elementor-container elementor-column-gap-default\">\n\t\t\t\t\t<div class=\"elementor-column elementor-col-50 elementor-top-column elementor-element elementor-element-18f818b2\" data-id=\"18f818b2\" data-element_type=\"column\" data-settings=\"{&quot;background_background&quot;:&quot;classic&quot;}\">\n\t\t\t<div class=\"elementor-widget-wrap elementor-element-populated\">\n\t\t\t\t\t\t<div class=\"elementor-element elementor-element-7482ea34 elementor-widget elementor-widget-heading\" data-id=\"7482ea34\" data-element_type=\"widget\" data-widget_type=\"heading.default\">\n\t\t\t\t<div class=\"elementor-widget-container\">\n\t\t\t<h6 class=\"elementor-heading-title elementor-size-default\">Experience<\/h6>\t\t<\/div>\n\t\t\t\t<\/div>\n\t\t\t\t<div class=\"elementor-element elementor-element-3132ad01 elementor-widget elementor-widget-spacer\" data-id=\"3132ad01\" data-element_type=\"widget\" data-widget_type=\"spacer.default\">\n\t\t\t\t<div class=\"elementor-widget-container\">\n\t\t\t\t\t<div class=\"elementor-spacer\">\n\t\t\t<div class=\"elementor-spacer-inner\"><\/div>\n\t\t<\/div>\n\t\t\t\t<\/div>\n\t\t\t\t<\/div>\n\t\t\t\t<div class=\"elementor-element elementor-element-566e4686 elementor-widget elementor-widget-heading\" data-id=\"566e4686\" data-element_type=\"widget\" data-widget_type=\"heading.default\">\n\t\t\t\t<div class=\"elementor-widget-container\">\n\t\t\t<h2 class=\"elementor-heading-title elementor-size-default\">For quality corrective work<\/h2>\t\t<\/div>\n\t\t\t\t<\/div>\n\t\t\t\t<div class=\"elementor-element elementor-element-36ea81ce elementor-widget elementor-widget-spacer\" data-id=\"36ea81ce\" data-element_type=\"widget\" data-widget_type=\"spacer.default\">\n\t\t\t\t<div class=\"elementor-widget-container\">\n\t\t\t\t\t<div class=\"elementor-spacer\">\n\t\t\t<div class=\"elementor-spacer-inner\"><\/div>\n\t\t<\/div>\n\t\t\t\t<\/div>\n\t\t\t\t<\/div>\n\t\t\t\t<div class=\"elementor-element elementor-element-4d3233a1 elementor-widget elementor-widget-text-editor\" data-id=\"4d3233a1\" data-element_type=\"widget\" data-widget_type=\"text-editor.default\">\n\t\t\t\t<div class=\"elementor-widget-container\">\n\t\t\t\t\t\t\t<p>Our extensive experience in corrective work ensures a quality project. Have peace of mind knowing that the ceramic issues you are experiencing are in the hands of professionals.<\/p>\t\t\t\t\t\t<\/div>\n\t\t\t\t<\/div>\n\t\t\t\t<div class=\"elementor-element elementor-element-65609eba elementor-widget elementor-widget-button\" data-id=\"65609eba\" data-element_type=\"widget\" data-widget_type=\"button.default\">\n\t\t\t\t<div class=\"elementor-widget-container\">\n\t\t\t\t\t<div class=\"elementor-button-wrapper\">\n\t\t\t<a class=\"elementor-button elementor-button-link elementor-size-sm\" href=\"https:\/\/caseymartel.com\/en\/services-ceramic-installer\/\">\n\t\t\t\t\t\t<span class=\"elementor-button-content-wrapper\">\n\t\t\t\t\t\t<span class=\"elementor-button-icon elementor-align-icon-right\">\n\t\t\t\t<i aria-hidden=\"true\" class=\"fas fa-arrow-right\"><\/i>\t\t\t<\/span>\n\t\t\t\t\t\t\t\t\t<span class=\"elementor-button-text\">Our services<\/span>\n\t\t\t\t\t<\/span>\n\t\t\t\t\t<\/a>\n\t\t<\/div>\n\t\t\t\t<\/div>\n\t\t\t\t<\/div>\n\t\t\t\t\t<\/div>\n\t\t<\/div>\n\t\t\t\t<div class=\"elementor-column elementor-col-50 elementor-top-column elementor-element elementor-element-445770aa\" data-id=\"445770aa\" data-element_type=\"column\" data-settings=\"{&quot;background_background&quot;:&quot;classic&quot;}\">\n\t\t\t<div class=\"elementor-widget-wrap elementor-element-populated\">\n\t\t\t\t\t\t<div class=\"elementor-element elementor-element-1ec413b elementor-widget elementor-widget-heading\" data-id=\"1ec413b\" data-element_type=\"widget\" data-widget_type=\"heading.default\">\n\t\t\t\t<div class=\"elementor-widget-container\">\n\t\t\t<h6 class=\"elementor-heading-title elementor-size-default\">Get a quote<\/h6>\t\t<\/div>\n\t\t\t\t<\/div>\n\t\t\t\t<div class=\"elementor-element elementor-element-1638b277 elementor-widget elementor-widget-spacer\" data-id=\"1638b277\" data-element_type=\"widget\" data-widget_type=\"spacer.default\">\n\t\t\t\t<div class=\"elementor-widget-container\">\n\t\t\t\t\t<div class=\"elementor-spacer\">\n\t\t\t<div class=\"elementor-spacer-inner\"><\/div>\n\t\t<\/div>\n\t\t\t\t<\/div>\n\t\t\t\t<\/div>\n\t\t\t\t<div class=\"elementor-element elementor-element-6bcddd4f elementor-widget elementor-widget-heading\" data-id=\"6bcddd4f\" data-element_type=\"widget\" data-widget_type=\"heading.default\">\n\t\t\t\t<div class=\"elementor-widget-container\">\n\t\t\t<h2 class=\"elementor-heading-title elementor-size-default\">Tell us about the issues you're experiencing <\/h2>\t\t<\/div>\n\t\t\t\t<\/div>\n\t\t\t\t<div class=\"elementor-element elementor-element-538ef110 elementor-widget elementor-widget-spacer\" data-id=\"538ef110\" data-element_type=\"widget\" data-widget_type=\"spacer.default\">\n\t\t\t\t<div class=\"elementor-widget-container\">\n\t\t\t\t\t<div class=\"elementor-spacer\">\n\t\t\t<div class=\"elementor-spacer-inner\"><\/div>\n\t\t<\/div>\n\t\t\t\t<\/div>\n\t\t\t\t<\/div>\n\t\t\t\t<div class=\"elementor-element elementor-element-37a0c223 elementor-widget elementor-widget-text-editor\" data-id=\"37a0c223\" data-element_type=\"widget\" data-widget_type=\"text-editor.default\">\n\t\t\t\t<div class=\"elementor-widget-container\">\n\t\t\t\t\t\t\t<p>Do not hesitate to tell us about any issues you are experiencing with ceramics so that we can correct them quickly and thus avoid any problems that may arise.<\/p>\t\t\t\t\t\t<\/div>\n\t\t\t\t<\/div>\n\t\t\t\t<div class=\"elementor-element elementor-element-475fd47a elementor-widget elementor-widget-button\" data-id=\"475fd47a\" data-element_type=\"widget\" data-widget_type=\"button.default\">\n\t\t\t\t<div class=\"elementor-widget-container\">\n\t\t\t\t\t<div class=\"elementor-button-wrapper\">\n\t\t\t<a class=\"elementor-button elementor-button-link elementor-size-sm\" href=\"https:\/\/caseymartel.com\/en\/contact-ceramic-installer\/\">\n\t\t\t\t\t\t<span class=\"elementor-button-content-wrapper\">\n\t\t\t\t\t\t<span class=\"elementor-button-icon elementor-align-icon-right\">\n\t\t\t\t<i aria-hidden=\"true\" class=\"fas fa-arrow-right\"><\/i>\t\t\t<\/span>\n\t\t\t\t\t\t\t\t\t<span class=\"elementor-button-text\">Contact us<\/span>\n\t\t\t\t\t<\/span>\n\t\t\t\t\t<\/a>\n\t\t<\/div>\n\t\t\t\t<\/div>\n\t\t\t\t<\/div>\n\t\t\t\t\t<\/div>\n\t\t<\/div>\n\t\t\t\t\t<\/div>\n\t\t<\/section>\n\t\t\t\t<\/div>\n\t\t","protected":false},"excerpt":{"rendered":"<p>Corrections of problems on existing ceramic installations Our passion is creating high-end ceramic installations, but sometimes we correct ceramic problems on existing installations, carried out by other contractors. Here are some ceramic problem corrections that we carry out: Addition of expansion joints MAPEI sound reduction Surface leveling with self-leveling mortar Self-leveling discs for uneven ground [&hellip;]<\/p>\n","protected":false},"author":1,"featured_media":0,"parent":1147,"menu_order":0,"comment_status":"closed","ping_status":"closed","template":"","meta":{"_monsterinsights_skip_tracking":false,"_monsterinsights_sitenote_active":false,"_monsterinsights_sitenote_note":"","_monsterinsights_sitenote_category":0,"footnotes":""},"yoast_head":"<!-- This site is optimized with the Yoast SEO plugin v22.8 - https:\/\/yoast.com\/wordpress\/plugins\/seo\/ -->\n<title>Laying of ceramic, marble, granite in Montreal<\/title>\n<meta name=\"description\" content=\"Casey Martel: ceramic, marble, granite, slate, mosaic, glass paste, natural stone and glazier installer in Montreal\" \/>\n<meta name=\"robots\" content=\"index, follow, max-snippet:-1, max-image-preview:large, max-video-preview:-1\" \/>\n<link rel=\"canonical\" href=\"https:\/\/caseymartel.com\/services-pose-ceramique\/correction-problemes\/\" \/>\n<meta property=\"og:locale\" content=\"en_US\" \/>\n<meta property=\"og:type\" content=\"article\" \/>\n<meta property=\"og:title\" content=\"Laying of ceramic, marble, granite in Montreal\" \/>\n<meta property=\"og:description\" content=\"Casey Martel: ceramic, marble, granite, slate, mosaic, glass paste, natural stone and glazier installer in Montreal\" \/>\n<meta property=\"og:url\" content=\"https:\/\/caseymartel.com\/services-pose-ceramique\/correction-problemes\/\" \/>\n<meta property=\"og:site_name\" content=\"Casey Martel\" \/>\n<meta property=\"article:modified_time\" content=\"2020-05-07T01:04:11+00:00\" \/>\n<meta property=\"og:image\" content=\"https:\/\/caseymartel.com\/wp-content\/uploads\/\/2020\/04\/poseur-ceramique-salle-de-bain-13-767x1024.jpg\" \/>\n<meta name=\"twitter:card\" content=\"summary_large_image\" \/>\n<meta name=\"twitter:label1\" content=\"Est. reading time\" \/>\n\t<meta name=\"twitter:data1\" content=\"1 minute\" \/>\n<script type=\"application\/ld+json\" class=\"yoast-schema-graph\">{\"@context\":\"https:\/\/schema.org\",\"@graph\":[{\"@type\":\"WebPage\",\"@id\":\"https:\/\/caseymartel.com\/services-pose-ceramique\/correction-problemes\/\",\"url\":\"https:\/\/caseymartel.com\/services-pose-ceramique\/correction-problemes\/\",\"name\":\"Laying of ceramic, marble, granite in Montreal\",\"isPartOf\":{\"@id\":\"https:\/\/caseymartel.com\/#website\"},\"primaryImageOfPage\":{\"@id\":\"https:\/\/caseymartel.com\/services-pose-ceramique\/correction-problemes\/#primaryimage\"},\"image\":{\"@id\":\"https:\/\/caseymartel.com\/services-pose-ceramique\/correction-problemes\/#primaryimage\"},\"thumbnailUrl\":\"https:\/\/caseymartel.com\/wp-content\/uploads\/\/2020\/04\/poseur-ceramique-salle-de-bain-13-767x1024.jpg\",\"datePublished\":\"2020-05-05T19:58:39+00:00\",\"dateModified\":\"2020-05-07T01:04:11+00:00\",\"description\":\"Casey Martel: ceramic, marble, granite, slate, mosaic, glass paste, natural stone and glazier installer in Montreal\",\"breadcrumb\":{\"@id\":\"https:\/\/caseymartel.com\/services-pose-ceramique\/correction-problemes\/#breadcrumb\"},\"inLanguage\":\"en-US\",\"potentialAction\":[{\"@type\":\"ReadAction\",\"target\":[\"https:\/\/caseymartel.com\/services-pose-ceramique\/correction-problemes\/\"]}]},{\"@type\":\"ImageObject\",\"inLanguage\":\"en-US\",\"@id\":\"https:\/\/caseymartel.com\/services-pose-ceramique\/correction-problemes\/#primaryimage\",\"url\":\"https:\/\/caseymartel.com\/wp-content\/uploads\/\/2020\/04\/poseur-ceramique-salle-de-bain-13-767x1024.jpg\",\"contentUrl\":\"https:\/\/caseymartel.com\/wp-content\/uploads\/\/2020\/04\/poseur-ceramique-salle-de-bain-13-767x1024.jpg\"},{\"@type\":\"BreadcrumbList\",\"@id\":\"https:\/\/caseymartel.com\/services-pose-ceramique\/correction-problemes\/#breadcrumb\",\"itemListElement\":[{\"@type\":\"ListItem\",\"position\":1,\"name\":\"Accueil\",\"item\":\"https:\/\/caseymartel.com\/en\/\"},{\"@type\":\"ListItem\",\"position\":2,\"name\":\"Services\",\"item\":\"https:\/\/caseymartel.com\/en\/services-ceramic-installer\/\"},{\"@type\":\"ListItem\",\"position\":3,\"name\":\"Corrections of problems\"}]},{\"@type\":\"WebSite\",\"@id\":\"https:\/\/caseymartel.com\/#website\",\"url\":\"https:\/\/caseymartel.com\/\",\"name\":\"Casey Martel\",\"description\":\"Pose de c\u00e9ramique: Casey Martel sp\u00e9cialis\u00e9 en pose de c\u00e9ramique!\",\"publisher\":{\"@id\":\"https:\/\/caseymartel.com\/#organization\"},\"potentialAction\":[{\"@type\":\"SearchAction\",\"target\":{\"@type\":\"EntryPoint\",\"urlTemplate\":\"https:\/\/caseymartel.com\/?s={search_term_string}\"},\"query-input\":\"required name=search_term_string\"}],\"inLanguage\":\"en-US\"},{\"@type\":\"Organization\",\"@id\":\"https:\/\/caseymartel.com\/#organization\",\"name\":\"Casey Martel\",\"url\":\"https:\/\/caseymartel.com\/\",\"logo\":{\"@type\":\"ImageObject\",\"inLanguage\":\"en-US\",\"@id\":\"https:\/\/caseymartel.com\/#\/schema\/logo\/image\/\",\"url\":\"https:\/\/caseymartel.com\/wp-content\/uploads\/2020\/04\/logo-casey-martel.svg\",\"contentUrl\":\"https:\/\/caseymartel.com\/wp-content\/uploads\/2020\/04\/logo-casey-martel.svg\",\"width\":317,\"height\":181,\"caption\":\"Casey Martel\"},\"image\":{\"@id\":\"https:\/\/caseymartel.com\/#\/schema\/logo\/image\/\"}}]}<\/script>\n<!-- \/ Yoast SEO plugin. -->","yoast_head_json":{"title":"Laying of ceramic, marble, granite in Montreal","description":"Casey Martel: ceramic, marble, granite, slate, mosaic, glass paste, natural stone and glazier installer in Montreal","robots":{"index":"index","follow":"follow","max-snippet":"max-snippet:-1","max-image-preview":"max-image-preview:large","max-video-preview":"max-video-preview:-1"},"canonical":"https:\/\/caseymartel.com\/services-pose-ceramique\/correction-problemes\/","og_locale":"en_US","og_type":"article","og_title":"Laying of ceramic, marble, granite in Montreal","og_description":"Casey Martel: ceramic, marble, granite, slate, mosaic, glass paste, natural stone and glazier installer in Montreal","og_url":"https:\/\/caseymartel.com\/services-pose-ceramique\/correction-problemes\/","og_site_name":"Casey Martel","article_modified_time":"2020-05-07T01:04:11+00:00","og_image":[{"url":"https:\/\/caseymartel.com\/wp-content\/uploads\/\/2020\/04\/poseur-ceramique-salle-de-bain-13-767x1024.jpg"}],"twitter_card":"summary_large_image","twitter_misc":{"Est. reading time":"1 minute"},"schema":{"@context":"https:\/\/schema.org","@graph":[{"@type":"WebPage","@id":"https:\/\/caseymartel.com\/services-pose-ceramique\/correction-problemes\/","url":"https:\/\/caseymartel.com\/services-pose-ceramique\/correction-problemes\/","name":"Laying of ceramic, marble, granite in Montreal","isPartOf":{"@id":"https:\/\/caseymartel.com\/#website"},"primaryImageOfPage":{"@id":"https:\/\/caseymartel.com\/services-pose-ceramique\/correction-problemes\/#primaryimage"},"image":{"@id":"https:\/\/caseymartel.com\/services-pose-ceramique\/correction-problemes\/#primaryimage"},"thumbnailUrl":"https:\/\/caseymartel.com\/wp-content\/uploads\/\/2020\/04\/poseur-ceramique-salle-de-bain-13-767x1024.jpg","datePublished":"2020-05-05T19:58:39+00:00","dateModified":"2020-05-07T01:04:11+00:00","description":"Casey Martel: ceramic, marble, granite, slate, mosaic, glass paste, natural stone and glazier installer in Montreal","breadcrumb":{"@id":"https:\/\/caseymartel.com\/services-pose-ceramique\/correction-problemes\/#breadcrumb"},"inLanguage":"en-US","potentialAction":[{"@type":"ReadAction","target":["https:\/\/caseymartel.com\/services-pose-ceramique\/correction-problemes\/"]}]},{"@type":"ImageObject","inLanguage":"en-US","@id":"https:\/\/caseymartel.com\/services-pose-ceramique\/correction-problemes\/#primaryimage","url":"https:\/\/caseymartel.com\/wp-content\/uploads\/\/2020\/04\/poseur-ceramique-salle-de-bain-13-767x1024.jpg","contentUrl":"https:\/\/caseymartel.com\/wp-content\/uploads\/\/2020\/04\/poseur-ceramique-salle-de-bain-13-767x1024.jpg"},{"@type":"BreadcrumbList","@id":"https:\/\/caseymartel.com\/services-pose-ceramique\/correction-problemes\/#breadcrumb","itemListElement":[{"@type":"ListItem","position":1,"name":"Accueil","item":"https:\/\/caseymartel.com\/en\/"},{"@type":"ListItem","position":2,"name":"Services","item":"https:\/\/caseymartel.com\/en\/services-ceramic-installer\/"},{"@type":"ListItem","position":3,"name":"Corrections of problems"}]},{"@type":"WebSite","@id":"https:\/\/caseymartel.com\/#website","url":"https:\/\/caseymartel.com\/","name":"Casey Martel","description":"Pose de c\u00e9ramique: Casey Martel sp\u00e9cialis\u00e9 en pose de c\u00e9ramique!","publisher":{"@id":"https:\/\/caseymartel.com\/#organization"},"potentialAction":[{"@type":"SearchAction","target":{"@type":"EntryPoint","urlTemplate":"https:\/\/caseymartel.com\/?s={search_term_string}"},"query-input":"required name=search_term_string"}],"inLanguage":"en-US"},{"@type":"Organization","@id":"https:\/\/caseymartel.com\/#organization","name":"Casey Martel","url":"https:\/\/caseymartel.com\/","logo":{"@type":"ImageObject","inLanguage":"en-US","@id":"https:\/\/caseymartel.com\/#\/schema\/logo\/image\/","url":"https:\/\/caseymartel.com\/wp-content\/uploads\/2020\/04\/logo-casey-martel.svg","contentUrl":"https:\/\/caseymartel.com\/wp-content\/uploads\/2020\/04\/logo-casey-martel.svg","width":317,"height":181,"caption":"Casey Martel"},"image":{"@id":"https:\/\/caseymartel.com\/#\/schema\/logo\/image\/"}}]}},"_links":{"self":[{"href":"https:\/\/caseymartel.com\/en\/wp-json\/wp\/v2\/pages\/1148"}],"collection":[{"href":"https:\/\/caseymartel.com\/en\/wp-json\/wp\/v2\/pages"}],"about":[{"href":"https:\/\/caseymartel.com\/en\/wp-json\/wp\/v2\/types\/page"}],"author":[{"embeddable":true,"href":"https:\/\/caseymartel.com\/en\/wp-json\/wp\/v2\/users\/1"}],"replies":[{"embeddable":true,"href":"https:\/\/caseymartel.com\/en\/wp-json\/wp\/v2\/comments?post=1148"}],"version-history":[{"count":9,"href":"https:\/\/caseymartel.com\/en\/wp-json\/wp\/v2\/pages\/1148\/revisions"}],"predecessor-version":[{"id":1524,"href":"https:\/\/caseymartel.com\/en\/wp-json\/wp\/v2\/pages\/1148\/revisions\/1524"}],"up":[{"embeddable":true,"href":"https:\/\/caseymartel.com\/en\/wp-json\/wp\/v2\/pages\/1147"}],"wp:attachment":[{"href":"https:\/\/caseymartel.com\/en\/wp-json\/wp\/v2\/media?parent=1148"}],"curies":[{"name":"wp","href":"https:\/\/api.w.org\/{rel}","templated":true}]}}