{"id":1038,"date":"2020-05-05T21:55:49","date_gmt":"2020-05-05T19:55:49","guid":{"rendered":"https:\/\/caseymartel.com\/?page_id=1038"},"modified":"2020-05-07T03:15:48","modified_gmt":"2020-05-07T01:15:48","slug":"ceramic-installers-montreal-south-shore","status":"publish","type":"page","link":"https:\/\/caseymartel.com\/en\/ceramic-installers-montreal-south-shore\/","title":{"rendered":"Ceramic Installers Montreal South Shore"},"content":{"rendered":"\t\t<div data-elementor-type=\"wp-page\" data-elementor-id=\"1038\" class=\"elementor elementor-1038 elementor-47\" data-elementor-post-type=\"page\">\n\t\t\t\t\t\t<section class=\"elementor-section elementor-top-section elementor-element elementor-element-542c5cb5 elementor-section-height-min-height elementor-section-boxed elementor-section-height-default elementor-section-items-middle\" data-id=\"542c5cb5\" data-element_type=\"section\" data-settings=\"{&quot;background_background&quot;:&quot;classic&quot;,&quot;background_motion_fx_motion_fx_scrolling&quot;:&quot;yes&quot;,&quot;background_motion_fx_translateY_effect&quot;:&quot;yes&quot;,&quot;background_motion_fx_translateY_speed&quot;:{&quot;unit&quot;:&quot;px&quot;,&quot;size&quot;:6.79999999999999982236431605997495353221893310546875,&quot;sizes&quot;:[]},&quot;background_motion_fx_translateY_affectedRange&quot;:{&quot;unit&quot;:&quot;%&quot;,&quot;size&quot;:&quot;&quot;,&quot;sizes&quot;:{&quot;start&quot;:0,&quot;end&quot;:100}},&quot;background_motion_fx_devices&quot;:[&quot;desktop&quot;,&quot;tablet&quot;,&quot;mobile&quot;]}\">\n\t\t\t\t\t\t\t<div class=\"elementor-background-overlay\"><\/div>\n\t\t\t\t\t\t\t<div class=\"elementor-container elementor-column-gap-default\">\n\t\t\t\t\t<div class=\"elementor-column elementor-col-100 elementor-top-column elementor-element elementor-element-3a937f67\" data-id=\"3a937f67\" data-element_type=\"column\">\n\t\t\t<div class=\"elementor-widget-wrap elementor-element-populated\">\n\t\t\t\t\t\t<section class=\"elementor-section elementor-inner-section elementor-element elementor-element-56c8b799 elementor-section-boxed elementor-section-height-default elementor-section-height-default\" data-id=\"56c8b799\" data-element_type=\"section\">\n\t\t\t\t\t\t<div class=\"elementor-container elementor-column-gap-default\">\n\t\t\t\t\t<div class=\"elementor-column elementor-col-50 elementor-inner-column elementor-element elementor-element-27acee3c\" data-id=\"27acee3c\" data-element_type=\"column\">\n\t\t\t<div class=\"elementor-widget-wrap elementor-element-populated\">\n\t\t\t\t\t\t<div class=\"elementor-element elementor-element-4c090cc5 elementor-widget elementor-widget-heading\" data-id=\"4c090cc5\" data-element_type=\"widget\" data-widget_type=\"heading.default\">\n\t\t\t\t<div class=\"elementor-widget-container\">\n\t\t\t<h2 class=\"elementor-heading-title elementor-size-default\">Ceramic layers on the South Shore of Montreal<\/h2>\t\t<\/div>\n\t\t\t\t<\/div>\n\t\t\t\t<div class=\"elementor-element elementor-element-79a742c5 elementor-widget elementor-widget-text-editor\" data-id=\"79a742c5\" data-element_type=\"widget\" data-widget_type=\"text-editor.default\">\n\t\t\t\t<div class=\"elementor-widget-container\">\n\t\t\t\t\t\t\t<p>We are ceramic installers in all of the South Shore cities, including Beloeil, Boucherville, Brossard, Candiac, Longueuil, Saint-Bruno, Saint-Jean-sur-Richelieu and Saint-Lambert.<\/p>\t\t\t\t\t\t<\/div>\n\t\t\t\t<\/div>\n\t\t\t\t\t<\/div>\n\t\t<\/div>\n\t\t\t\t<div class=\"elementor-column elementor-col-50 elementor-inner-column elementor-element elementor-element-1fb2d1f5\" data-id=\"1fb2d1f5\" data-element_type=\"column\">\n\t\t\t<div class=\"elementor-widget-wrap\">\n\t\t\t\t\t\t\t<\/div>\n\t\t<\/div>\n\t\t\t\t\t<\/div>\n\t\t<\/section>\n\t\t\t\t\t<\/div>\n\t\t<\/div>\n\t\t\t\t\t<\/div>\n\t\t<\/section>\n\t\t\t\t<section class=\"elementor-section elementor-top-section elementor-element elementor-element-3327cf61 elementor-section-full_width elementor-section-height-default elementor-section-height-default\" data-id=\"3327cf61\" data-element_type=\"section\">\n\t\t\t\t\t\t<div class=\"elementor-container elementor-column-gap-default\">\n\t\t\t\t\t<div class=\"elementor-column elementor-col-50 elementor-top-column elementor-element elementor-element-58d5f2fa\" data-id=\"58d5f2fa\" data-element_type=\"column\" data-settings=\"{&quot;background_background&quot;:&quot;classic&quot;}\">\n\t\t\t<div class=\"elementor-widget-wrap elementor-element-populated\">\n\t\t\t\t\t\t<div class=\"elementor-element elementor-element-1274b683 elementor-widget elementor-widget-heading\" data-id=\"1274b683\" data-element_type=\"widget\" data-widget_type=\"heading.default\">\n\t\t\t\t<div class=\"elementor-widget-container\">\n\t\t\t<h6 class=\"elementor-heading-title elementor-size-default\">Experience<\/h6>\t\t<\/div>\n\t\t\t\t<\/div>\n\t\t\t\t<div class=\"elementor-element elementor-element-4eed8ce8 elementor-widget elementor-widget-spacer\" data-id=\"4eed8ce8\" data-element_type=\"widget\" data-widget_type=\"spacer.default\">\n\t\t\t\t<div class=\"elementor-widget-container\">\n\t\t\t\t\t<div class=\"elementor-spacer\">\n\t\t\t<div class=\"elementor-spacer-inner\"><\/div>\n\t\t<\/div>\n\t\t\t\t<\/div>\n\t\t\t\t<\/div>\n\t\t\t\t<div class=\"elementor-element elementor-element-252b9185 elementor-widget elementor-widget-heading\" data-id=\"252b9185\" data-element_type=\"widget\" data-widget_type=\"heading.default\">\n\t\t\t\t<div class=\"elementor-widget-container\">\n\t\t\t<h2 class=\"elementor-heading-title elementor-size-default\">For high-quality ceramic installations<\/h2>\t\t<\/div>\n\t\t\t\t<\/div>\n\t\t\t\t<div class=\"elementor-element elementor-element-7eff70d elementor-widget elementor-widget-spacer\" data-id=\"7eff70d\" data-element_type=\"widget\" data-widget_type=\"spacer.default\">\n\t\t\t\t<div class=\"elementor-widget-container\">\n\t\t\t\t\t<div class=\"elementor-spacer\">\n\t\t\t<div class=\"elementor-spacer-inner\"><\/div>\n\t\t<\/div>\n\t\t\t\t<\/div>\n\t\t\t\t<\/div>\n\t\t\t\t<div class=\"elementor-element elementor-element-26ff139 elementor-widget elementor-widget-text-editor\" data-id=\"26ff139\" data-element_type=\"widget\" data-widget_type=\"text-editor.default\">\n\t\t\t\t<div class=\"elementor-widget-container\">\n\t\t\t\t\t\t\t<p>Our vast experience installing ceramics on the South Shore of Montreal ensures you a quality finish and a well done project.<\/p>\t\t\t\t\t\t<\/div>\n\t\t\t\t<\/div>\n\t\t\t\t<div class=\"elementor-element elementor-element-612809b8 elementor-widget elementor-widget-button\" data-id=\"612809b8\" data-element_type=\"widget\" data-widget_type=\"button.default\">\n\t\t\t\t<div class=\"elementor-widget-container\">\n\t\t\t\t\t<div class=\"elementor-button-wrapper\">\n\t\t\t<a class=\"elementor-button elementor-button-link elementor-size-sm\" href=\"https:\/\/caseymartel.com\/en\/services-ceramic-installer\/\">\n\t\t\t\t\t\t<span class=\"elementor-button-content-wrapper\">\n\t\t\t\t\t\t<span class=\"elementor-button-icon elementor-align-icon-right\">\n\t\t\t\t<i aria-hidden=\"true\" class=\"fas fa-arrow-right\"><\/i>\t\t\t<\/span>\n\t\t\t\t\t\t\t\t\t<span class=\"elementor-button-text\">Our services<\/span>\n\t\t\t\t\t<\/span>\n\t\t\t\t\t<\/a>\n\t\t<\/div>\n\t\t\t\t<\/div>\n\t\t\t\t<\/div>\n\t\t\t\t\t<\/div>\n\t\t<\/div>\n\t\t\t\t<div class=\"elementor-column elementor-col-50 elementor-top-column elementor-element elementor-element-1edc4667\" data-id=\"1edc4667\" data-element_type=\"column\" data-settings=\"{&quot;background_background&quot;:&quot;classic&quot;}\">\n\t\t\t<div class=\"elementor-widget-wrap elementor-element-populated\">\n\t\t\t\t\t\t<div class=\"elementor-element elementor-element-62e5991b elementor-widget elementor-widget-heading\" data-id=\"62e5991b\" data-element_type=\"widget\" data-widget_type=\"heading.default\">\n\t\t\t\t<div class=\"elementor-widget-container\">\n\t\t\t<h6 class=\"elementor-heading-title elementor-size-default\">Get a quote<\/h6>\t\t<\/div>\n\t\t\t\t<\/div>\n\t\t\t\t<div class=\"elementor-element elementor-element-64bf7123 elementor-widget elementor-widget-spacer\" data-id=\"64bf7123\" data-element_type=\"widget\" data-widget_type=\"spacer.default\">\n\t\t\t\t<div class=\"elementor-widget-container\">\n\t\t\t\t\t<div class=\"elementor-spacer\">\n\t\t\t<div class=\"elementor-spacer-inner\"><\/div>\n\t\t<\/div>\n\t\t\t\t<\/div>\n\t\t\t\t<\/div>\n\t\t\t\t<div class=\"elementor-element elementor-element-5ce3709d elementor-widget elementor-widget-heading\" data-id=\"5ce3709d\" data-element_type=\"widget\" data-widget_type=\"heading.default\">\n\t\t\t\t<div class=\"elementor-widget-container\">\n\t\t\t<h2 class=\"elementor-heading-title elementor-size-default\">Tell us about your project on the South Shore of Montreal<\/h2>\t\t<\/div>\n\t\t\t\t<\/div>\n\t\t\t\t<div class=\"elementor-element elementor-element-49492a12 elementor-widget elementor-widget-spacer\" data-id=\"49492a12\" data-element_type=\"widget\" data-widget_type=\"spacer.default\">\n\t\t\t\t<div class=\"elementor-widget-container\">\n\t\t\t\t\t<div class=\"elementor-spacer\">\n\t\t\t<div class=\"elementor-spacer-inner\"><\/div>\n\t\t<\/div>\n\t\t\t\t<\/div>\n\t\t\t\t<\/div>\n\t\t\t\t<div class=\"elementor-element elementor-element-14b45768 elementor-widget elementor-widget-text-editor\" data-id=\"14b45768\" data-element_type=\"widget\" data-widget_type=\"text-editor.default\">\n\t\t\t\t<div class=\"elementor-widget-container\">\n\t\t\t\t\t\t\t<p>Do not hesitate to ask us for custom designs and custom ceramic installations.<\/p>\t\t\t\t\t\t<\/div>\n\t\t\t\t<\/div>\n\t\t\t\t<div class=\"elementor-element elementor-element-7c36f78d elementor-widget elementor-widget-button\" data-id=\"7c36f78d\" data-element_type=\"widget\" data-widget_type=\"button.default\">\n\t\t\t\t<div class=\"elementor-widget-container\">\n\t\t\t\t\t<div class=\"elementor-button-wrapper\">\n\t\t\t<a class=\"elementor-button elementor-button-link elementor-size-sm\" href=\"https:\/\/caseymartel.com\/en\/contact-ceramic-installer\/\">\n\t\t\t\t\t\t<span class=\"elementor-button-content-wrapper\">\n\t\t\t\t\t\t<span class=\"elementor-button-icon elementor-align-icon-right\">\n\t\t\t\t<i aria-hidden=\"true\" class=\"fas fa-arrow-right\"><\/i>\t\t\t<\/span>\n\t\t\t\t\t\t\t\t\t<span class=\"elementor-button-text\">Contact us<\/span>\n\t\t\t\t\t<\/span>\n\t\t\t\t\t<\/a>\n\t\t<\/div>\n\t\t\t\t<\/div>\n\t\t\t\t<\/div>\n\t\t\t\t\t<\/div>\n\t\t<\/div>\n\t\t\t\t\t<\/div>\n\t\t<\/section>\n\t\t\t\t<\/div>\n\t\t","protected":false},"excerpt":{"rendered":"<p>Ceramic layers on the South Shore of Montreal We are ceramic installers in all of the South Shore cities, including Beloeil, Boucherville, Brossard, Candiac, Longueuil, Saint-Bruno, Saint-Jean-sur-Richelieu and Saint-Lambert. Experience For high-quality ceramic installations Our vast experience installing ceramics on the South Shore of Montreal ensures you a quality finish and a well done project. [&hellip;]<\/p>\n","protected":false},"author":1,"featured_media":0,"parent":0,"menu_order":0,"comment_status":"closed","ping_status":"closed","template":"","meta":{"_monsterinsights_skip_tracking":false,"_monsterinsights_sitenote_active":false,"_monsterinsights_sitenote_note":"","_monsterinsights_sitenote_category":0,"footnotes":""},"yoast_head":"<!-- This site is optimized with the Yoast SEO plugin v22.8 - https:\/\/yoast.com\/wordpress\/plugins\/seo\/ -->\n<title>Ceramic layers on the South Shore<\/title>\n<meta name=\"description\" content=\"Discover Casey Martel: ceramic installers of choice on the South Shore of Montreal\" \/>\n<meta name=\"robots\" content=\"index, follow, max-snippet:-1, max-image-preview:large, max-video-preview:-1\" \/>\n<link rel=\"canonical\" href=\"https:\/\/caseymartel.com\/poseurs-ceramique-rive-sud\/\" \/>\n<meta property=\"og:locale\" content=\"en_US\" \/>\n<meta property=\"og:type\" content=\"article\" \/>\n<meta property=\"og:title\" content=\"Ceramic layers on the South Shore\" \/>\n<meta property=\"og:description\" content=\"Discover Casey Martel: ceramic installers of choice on the South Shore of Montreal\" \/>\n<meta property=\"og:url\" content=\"https:\/\/caseymartel.com\/poseurs-ceramique-rive-sud\/\" \/>\n<meta property=\"og:site_name\" content=\"Casey Martel\" \/>\n<meta property=\"article:modified_time\" content=\"2020-05-07T01:15:48+00:00\" \/>\n<meta name=\"twitter:card\" content=\"summary_large_image\" \/>\n<script type=\"application\/ld+json\" class=\"yoast-schema-graph\">{\"@context\":\"https:\/\/schema.org\",\"@graph\":[{\"@type\":\"WebPage\",\"@id\":\"https:\/\/caseymartel.com\/poseurs-ceramique-rive-sud\/\",\"url\":\"https:\/\/caseymartel.com\/poseurs-ceramique-rive-sud\/\",\"name\":\"Ceramic layers on the South Shore\",\"isPartOf\":{\"@id\":\"https:\/\/caseymartel.com\/#website\"},\"datePublished\":\"2020-05-05T19:55:49+00:00\",\"dateModified\":\"2020-05-07T01:15:48+00:00\",\"description\":\"Discover Casey Martel: ceramic installers of choice on the South Shore of Montreal\",\"breadcrumb\":{\"@id\":\"https:\/\/caseymartel.com\/poseurs-ceramique-rive-sud\/#breadcrumb\"},\"inLanguage\":\"en-US\",\"potentialAction\":[{\"@type\":\"ReadAction\",\"target\":[\"https:\/\/caseymartel.com\/poseurs-ceramique-rive-sud\/\"]}]},{\"@type\":\"BreadcrumbList\",\"@id\":\"https:\/\/caseymartel.com\/poseurs-ceramique-rive-sud\/#breadcrumb\",\"itemListElement\":[{\"@type\":\"ListItem\",\"position\":1,\"name\":\"Accueil\",\"item\":\"https:\/\/caseymartel.com\/en\/\"},{\"@type\":\"ListItem\",\"position\":2,\"name\":\"Ceramic Installers Montreal South Shore\"}]},{\"@type\":\"WebSite\",\"@id\":\"https:\/\/caseymartel.com\/#website\",\"url\":\"https:\/\/caseymartel.com\/\",\"name\":\"Casey Martel\",\"description\":\"Pose de c\u00e9ramique: Casey Martel sp\u00e9cialis\u00e9 en pose de c\u00e9ramique!\",\"publisher\":{\"@id\":\"https:\/\/caseymartel.com\/#organization\"},\"potentialAction\":[{\"@type\":\"SearchAction\",\"target\":{\"@type\":\"EntryPoint\",\"urlTemplate\":\"https:\/\/caseymartel.com\/?s={search_term_string}\"},\"query-input\":\"required name=search_term_string\"}],\"inLanguage\":\"en-US\"},{\"@type\":\"Organization\",\"@id\":\"https:\/\/caseymartel.com\/#organization\",\"name\":\"Casey Martel\",\"url\":\"https:\/\/caseymartel.com\/\",\"logo\":{\"@type\":\"ImageObject\",\"inLanguage\":\"en-US\",\"@id\":\"https:\/\/caseymartel.com\/#\/schema\/logo\/image\/\",\"url\":\"https:\/\/caseymartel.com\/wp-content\/uploads\/2020\/04\/logo-casey-martel.svg\",\"contentUrl\":\"https:\/\/caseymartel.com\/wp-content\/uploads\/2020\/04\/logo-casey-martel.svg\",\"width\":317,\"height\":181,\"caption\":\"Casey Martel\"},\"image\":{\"@id\":\"https:\/\/caseymartel.com\/#\/schema\/logo\/image\/\"}}]}<\/script>\n<!-- \/ Yoast SEO plugin. -->","yoast_head_json":{"title":"Ceramic layers on the South Shore","description":"Discover Casey Martel: ceramic installers of choice on the South Shore of Montreal","robots":{"index":"index","follow":"follow","max-snippet":"max-snippet:-1","max-image-preview":"max-image-preview:large","max-video-preview":"max-video-preview:-1"},"canonical":"https:\/\/caseymartel.com\/poseurs-ceramique-rive-sud\/","og_locale":"en_US","og_type":"article","og_title":"Ceramic layers on the South Shore","og_description":"Discover Casey Martel: ceramic installers of choice on the South Shore of Montreal","og_url":"https:\/\/caseymartel.com\/poseurs-ceramique-rive-sud\/","og_site_name":"Casey Martel","article_modified_time":"2020-05-07T01:15:48+00:00","twitter_card":"summary_large_image","schema":{"@context":"https:\/\/schema.org","@graph":[{"@type":"WebPage","@id":"https:\/\/caseymartel.com\/poseurs-ceramique-rive-sud\/","url":"https:\/\/caseymartel.com\/poseurs-ceramique-rive-sud\/","name":"Ceramic layers on the South Shore","isPartOf":{"@id":"https:\/\/caseymartel.com\/#website"},"datePublished":"2020-05-05T19:55:49+00:00","dateModified":"2020-05-07T01:15:48+00:00","description":"Discover Casey Martel: ceramic installers of choice on the South Shore of Montreal","breadcrumb":{"@id":"https:\/\/caseymartel.com\/poseurs-ceramique-rive-sud\/#breadcrumb"},"inLanguage":"en-US","potentialAction":[{"@type":"ReadAction","target":["https:\/\/caseymartel.com\/poseurs-ceramique-rive-sud\/"]}]},{"@type":"BreadcrumbList","@id":"https:\/\/caseymartel.com\/poseurs-ceramique-rive-sud\/#breadcrumb","itemListElement":[{"@type":"ListItem","position":1,"name":"Accueil","item":"https:\/\/caseymartel.com\/en\/"},{"@type":"ListItem","position":2,"name":"Ceramic Installers Montreal South Shore"}]},{"@type":"WebSite","@id":"https:\/\/caseymartel.com\/#website","url":"https:\/\/caseymartel.com\/","name":"Casey Martel","description":"Pose de c\u00e9ramique: Casey Martel sp\u00e9cialis\u00e9 en pose de c\u00e9ramique!","publisher":{"@id":"https:\/\/caseymartel.com\/#organization"},"potentialAction":[{"@type":"SearchAction","target":{"@type":"EntryPoint","urlTemplate":"https:\/\/caseymartel.com\/?s={search_term_string}"},"query-input":"required name=search_term_string"}],"inLanguage":"en-US"},{"@type":"Organization","@id":"https:\/\/caseymartel.com\/#organization","name":"Casey Martel","url":"https:\/\/caseymartel.com\/","logo":{"@type":"ImageObject","inLanguage":"en-US","@id":"https:\/\/caseymartel.com\/#\/schema\/logo\/image\/","url":"https:\/\/caseymartel.com\/wp-content\/uploads\/2020\/04\/logo-casey-martel.svg","contentUrl":"https:\/\/caseymartel.com\/wp-content\/uploads\/2020\/04\/logo-casey-martel.svg","width":317,"height":181,"caption":"Casey Martel"},"image":{"@id":"https:\/\/caseymartel.com\/#\/schema\/logo\/image\/"}}]}},"_links":{"self":[{"href":"https:\/\/caseymartel.com\/en\/wp-json\/wp\/v2\/pages\/1038"}],"collection":[{"href":"https:\/\/caseymartel.com\/en\/wp-json\/wp\/v2\/pages"}],"about":[{"href":"https:\/\/caseymartel.com\/en\/wp-json\/wp\/v2\/types\/page"}],"author":[{"embeddable":true,"href":"https:\/\/caseymartel.com\/en\/wp-json\/wp\/v2\/users\/1"}],"replies":[{"embeddable":true,"href":"https:\/\/caseymartel.com\/en\/wp-json\/wp\/v2\/comments?post=1038"}],"version-history":[{"count":6,"href":"https:\/\/caseymartel.com\/en\/wp-json\/wp\/v2\/pages\/1038\/revisions"}],"predecessor-version":[{"id":1548,"href":"https:\/\/caseymartel.com\/en\/wp-json\/wp\/v2\/pages\/1038\/revisions\/1548"}],"wp:attachment":[{"href":"https:\/\/caseymartel.com\/en\/wp-json\/wp\/v2\/media?parent=1038"}],"curies":[{"name":"wp","href":"https:\/\/api.w.org\/{rel}","templated":true}]}}