{"id":1037,"date":"2020-05-05T21:55:53","date_gmt":"2020-05-05T19:55:53","guid":{"rendered":"https:\/\/caseymartel.com\/?page_id=1037"},"modified":"2020-05-07T03:15:51","modified_gmt":"2020-05-07T01:15:51","slug":"ceramic-installers-montreal-north-shore","status":"publish","type":"page","link":"https:\/\/caseymartel.com\/en\/ceramic-installers-montreal-north-shore\/","title":{"rendered":"Ceramic Installers Montreal North Shore"},"content":{"rendered":"\t\t<div data-elementor-type=\"wp-page\" data-elementor-id=\"1037\" class=\"elementor elementor-1037 elementor-49\" data-elementor-post-type=\"page\">\n\t\t\t\t\t\t<section class=\"elementor-section elementor-top-section elementor-element elementor-element-4113c1cc elementor-section-height-min-height elementor-section-boxed elementor-section-height-default elementor-section-items-middle\" data-id=\"4113c1cc\" data-element_type=\"section\" data-settings=\"{&quot;background_background&quot;:&quot;classic&quot;,&quot;background_motion_fx_motion_fx_scrolling&quot;:&quot;yes&quot;,&quot;background_motion_fx_translateY_effect&quot;:&quot;yes&quot;,&quot;background_motion_fx_translateY_speed&quot;:{&quot;unit&quot;:&quot;px&quot;,&quot;size&quot;:6.79999999999999982236431605997495353221893310546875,&quot;sizes&quot;:[]},&quot;background_motion_fx_translateY_affectedRange&quot;:{&quot;unit&quot;:&quot;%&quot;,&quot;size&quot;:&quot;&quot;,&quot;sizes&quot;:{&quot;start&quot;:0,&quot;end&quot;:100}},&quot;background_motion_fx_devices&quot;:[&quot;desktop&quot;,&quot;tablet&quot;,&quot;mobile&quot;]}\">\n\t\t\t\t\t\t\t<div class=\"elementor-background-overlay\"><\/div>\n\t\t\t\t\t\t\t<div class=\"elementor-container elementor-column-gap-default\">\n\t\t\t\t\t<div class=\"elementor-column elementor-col-100 elementor-top-column elementor-element elementor-element-b5d256f\" data-id=\"b5d256f\" data-element_type=\"column\">\n\t\t\t<div class=\"elementor-widget-wrap elementor-element-populated\">\n\t\t\t\t\t\t<section class=\"elementor-section elementor-inner-section elementor-element elementor-element-57beefc5 elementor-section-boxed elementor-section-height-default elementor-section-height-default\" data-id=\"57beefc5\" data-element_type=\"section\">\n\t\t\t\t\t\t<div class=\"elementor-container elementor-column-gap-default\">\n\t\t\t\t\t<div class=\"elementor-column elementor-col-50 elementor-inner-column elementor-element elementor-element-2b74c56\" data-id=\"2b74c56\" data-element_type=\"column\">\n\t\t\t<div class=\"elementor-widget-wrap elementor-element-populated\">\n\t\t\t\t\t\t<div class=\"elementor-element elementor-element-59d47439 elementor-widget elementor-widget-heading\" data-id=\"59d47439\" data-element_type=\"widget\" data-widget_type=\"heading.default\">\n\t\t\t\t<div class=\"elementor-widget-container\">\n\t\t\t<h2 class=\"elementor-heading-title elementor-size-default\">Ceramic layers on the North Shore of Montreal<\/h2>\t\t<\/div>\n\t\t\t\t<\/div>\n\t\t\t\t<div class=\"elementor-element elementor-element-13468ee2 elementor-widget elementor-widget-text-editor\" data-id=\"13468ee2\" data-element_type=\"widget\" data-widget_type=\"text-editor.default\">\n\t\t\t\t<div class=\"elementor-widget-container\">\n\t\t\t\t\t\t\t<p>We are ceramic installers in all of the North Shore cities, including Blainville, Laval, Rosem\u00e8re, Sainte-Doroth\u00e9e, Mont-Tremblant and Ville d\u00b4Est\u00e9rel.<\/p>\t\t\t\t\t\t<\/div>\n\t\t\t\t<\/div>\n\t\t\t\t\t<\/div>\n\t\t<\/div>\n\t\t\t\t<div class=\"elementor-column elementor-col-50 elementor-inner-column elementor-element elementor-element-3d07d836\" data-id=\"3d07d836\" data-element_type=\"column\">\n\t\t\t<div class=\"elementor-widget-wrap\">\n\t\t\t\t\t\t\t<\/div>\n\t\t<\/div>\n\t\t\t\t\t<\/div>\n\t\t<\/section>\n\t\t\t\t\t<\/div>\n\t\t<\/div>\n\t\t\t\t\t<\/div>\n\t\t<\/section>\n\t\t\t\t<section class=\"elementor-section elementor-top-section elementor-element elementor-element-1fff8bfc elementor-section-full_width elementor-section-height-default elementor-section-height-default\" data-id=\"1fff8bfc\" data-element_type=\"section\">\n\t\t\t\t\t\t<div class=\"elementor-container elementor-column-gap-default\">\n\t\t\t\t\t<div class=\"elementor-column elementor-col-50 elementor-top-column elementor-element elementor-element-54313574\" data-id=\"54313574\" data-element_type=\"column\" data-settings=\"{&quot;background_background&quot;:&quot;classic&quot;}\">\n\t\t\t<div class=\"elementor-widget-wrap elementor-element-populated\">\n\t\t\t\t\t\t<div class=\"elementor-element elementor-element-67c133e8 elementor-widget elementor-widget-heading\" data-id=\"67c133e8\" data-element_type=\"widget\" data-widget_type=\"heading.default\">\n\t\t\t\t<div class=\"elementor-widget-container\">\n\t\t\t<h6 class=\"elementor-heading-title elementor-size-default\">Experience<\/h6>\t\t<\/div>\n\t\t\t\t<\/div>\n\t\t\t\t<div class=\"elementor-element elementor-element-6c477608 elementor-widget elementor-widget-spacer\" data-id=\"6c477608\" data-element_type=\"widget\" data-widget_type=\"spacer.default\">\n\t\t\t\t<div class=\"elementor-widget-container\">\n\t\t\t\t\t<div class=\"elementor-spacer\">\n\t\t\t<div class=\"elementor-spacer-inner\"><\/div>\n\t\t<\/div>\n\t\t\t\t<\/div>\n\t\t\t\t<\/div>\n\t\t\t\t<div class=\"elementor-element elementor-element-21554d09 elementor-widget elementor-widget-heading\" data-id=\"21554d09\" data-element_type=\"widget\" data-widget_type=\"heading.default\">\n\t\t\t\t<div class=\"elementor-widget-container\">\n\t\t\t<h2 class=\"elementor-heading-title elementor-size-default\">For high-quality ceramic installations<\/h2>\t\t<\/div>\n\t\t\t\t<\/div>\n\t\t\t\t<div class=\"elementor-element elementor-element-1095d371 elementor-widget elementor-widget-spacer\" data-id=\"1095d371\" data-element_type=\"widget\" data-widget_type=\"spacer.default\">\n\t\t\t\t<div class=\"elementor-widget-container\">\n\t\t\t\t\t<div class=\"elementor-spacer\">\n\t\t\t<div class=\"elementor-spacer-inner\"><\/div>\n\t\t<\/div>\n\t\t\t\t<\/div>\n\t\t\t\t<\/div>\n\t\t\t\t<div class=\"elementor-element elementor-element-d954a8b elementor-widget elementor-widget-text-editor\" data-id=\"d954a8b\" data-element_type=\"widget\" data-widget_type=\"text-editor.default\">\n\t\t\t\t<div class=\"elementor-widget-container\">\n\t\t\t\t\t\t\t<p>Our vast experience installing ceramic on the North Shore of Montreal ensures a quality finish and a well-executed project.<\/p>\t\t\t\t\t\t<\/div>\n\t\t\t\t<\/div>\n\t\t\t\t<div class=\"elementor-element elementor-element-60cb1644 elementor-widget elementor-widget-button\" data-id=\"60cb1644\" data-element_type=\"widget\" data-widget_type=\"button.default\">\n\t\t\t\t<div class=\"elementor-widget-container\">\n\t\t\t\t\t<div class=\"elementor-button-wrapper\">\n\t\t\t<a class=\"elementor-button elementor-button-link elementor-size-sm\" href=\"https:\/\/caseymartel.com\/en\/services-ceramic-installer\/\">\n\t\t\t\t\t\t<span class=\"elementor-button-content-wrapper\">\n\t\t\t\t\t\t<span class=\"elementor-button-icon elementor-align-icon-right\">\n\t\t\t\t<i aria-hidden=\"true\" class=\"fas fa-arrow-right\"><\/i>\t\t\t<\/span>\n\t\t\t\t\t\t\t\t\t<span class=\"elementor-button-text\">Our services<\/span>\n\t\t\t\t\t<\/span>\n\t\t\t\t\t<\/a>\n\t\t<\/div>\n\t\t\t\t<\/div>\n\t\t\t\t<\/div>\n\t\t\t\t\t<\/div>\n\t\t<\/div>\n\t\t\t\t<div class=\"elementor-column elementor-col-50 elementor-top-column elementor-element elementor-element-113c99ff\" data-id=\"113c99ff\" data-element_type=\"column\" data-settings=\"{&quot;background_background&quot;:&quot;classic&quot;}\">\n\t\t\t<div class=\"elementor-widget-wrap elementor-element-populated\">\n\t\t\t\t\t\t<div class=\"elementor-element elementor-element-7125f859 elementor-widget elementor-widget-heading\" data-id=\"7125f859\" data-element_type=\"widget\" data-widget_type=\"heading.default\">\n\t\t\t\t<div class=\"elementor-widget-container\">\n\t\t\t<h6 class=\"elementor-heading-title elementor-size-default\">Get a quote<\/h6>\t\t<\/div>\n\t\t\t\t<\/div>\n\t\t\t\t<div class=\"elementor-element elementor-element-26971a3b elementor-widget elementor-widget-spacer\" data-id=\"26971a3b\" data-element_type=\"widget\" data-widget_type=\"spacer.default\">\n\t\t\t\t<div class=\"elementor-widget-container\">\n\t\t\t\t\t<div class=\"elementor-spacer\">\n\t\t\t<div class=\"elementor-spacer-inner\"><\/div>\n\t\t<\/div>\n\t\t\t\t<\/div>\n\t\t\t\t<\/div>\n\t\t\t\t<div class=\"elementor-element elementor-element-76500da3 elementor-widget elementor-widget-heading\" data-id=\"76500da3\" data-element_type=\"widget\" data-widget_type=\"heading.default\">\n\t\t\t\t<div class=\"elementor-widget-container\">\n\t\t\t<h2 class=\"elementor-heading-title elementor-size-default\">Tell us about your project on the North Shore of Montreal<\/h2>\t\t<\/div>\n\t\t\t\t<\/div>\n\t\t\t\t<div class=\"elementor-element elementor-element-5dd60f7 elementor-widget elementor-widget-spacer\" data-id=\"5dd60f7\" data-element_type=\"widget\" data-widget_type=\"spacer.default\">\n\t\t\t\t<div class=\"elementor-widget-container\">\n\t\t\t\t\t<div class=\"elementor-spacer\">\n\t\t\t<div class=\"elementor-spacer-inner\"><\/div>\n\t\t<\/div>\n\t\t\t\t<\/div>\n\t\t\t\t<\/div>\n\t\t\t\t<div class=\"elementor-element elementor-element-31c6eee elementor-widget elementor-widget-text-editor\" data-id=\"31c6eee\" data-element_type=\"widget\" data-widget_type=\"text-editor.default\">\n\t\t\t\t<div class=\"elementor-widget-container\">\n\t\t\t\t\t\t\t<p>N\u2019h\u00e9sitez pas \u00e0 nous demander des designs personnalis\u00e9s et des installations de c\u00e9ramique sur mesure.<\/p>\t\t\t\t\t\t<\/div>\n\t\t\t\t<\/div>\n\t\t\t\t<div class=\"elementor-element elementor-element-31c6d698 elementor-widget elementor-widget-button\" data-id=\"31c6d698\" data-element_type=\"widget\" data-widget_type=\"button.default\">\n\t\t\t\t<div class=\"elementor-widget-container\">\n\t\t\t\t\t<div class=\"elementor-button-wrapper\">\n\t\t\t<a class=\"elementor-button elementor-button-link elementor-size-sm\" href=\"https:\/\/caseymartel.com\/en\/contact-ceramic-installer\/\">\n\t\t\t\t\t\t<span class=\"elementor-button-content-wrapper\">\n\t\t\t\t\t\t<span class=\"elementor-button-icon elementor-align-icon-right\">\n\t\t\t\t<i aria-hidden=\"true\" class=\"fas fa-arrow-right\"><\/i>\t\t\t<\/span>\n\t\t\t\t\t\t\t\t\t<span class=\"elementor-button-text\">Contact us<\/span>\n\t\t\t\t\t<\/span>\n\t\t\t\t\t<\/a>\n\t\t<\/div>\n\t\t\t\t<\/div>\n\t\t\t\t<\/div>\n\t\t\t\t\t<\/div>\n\t\t<\/div>\n\t\t\t\t\t<\/div>\n\t\t<\/section>\n\t\t\t\t<\/div>\n\t\t","protected":false},"excerpt":{"rendered":"<p>Ceramic layers on the North Shore of Montreal We are ceramic installers in all of the North Shore cities, including Blainville, Laval, Rosem\u00e8re, Sainte-Doroth\u00e9e, Mont-Tremblant and Ville d\u00b4Est\u00e9rel. Experience For high-quality ceramic installations Our vast experience installing ceramic on the North Shore of Montreal ensures a quality finish and a well-executed project. Our services Get [&hellip;]<\/p>\n","protected":false},"author":1,"featured_media":0,"parent":0,"menu_order":0,"comment_status":"closed","ping_status":"closed","template":"","meta":{"_monsterinsights_skip_tracking":false,"_monsterinsights_sitenote_active":false,"_monsterinsights_sitenote_note":"","_monsterinsights_sitenote_category":0,"footnotes":""},"yoast_head":"<!-- This site is optimized with the Yoast SEO plugin v22.8 - https:\/\/yoast.com\/wordpress\/plugins\/seo\/ -->\n<title>Ceramic layers on the North Shore<\/title>\n<meta name=\"description\" content=\"Discover Casey Martel: ceramic installers of choice on the North Shore Montreal\" \/>\n<meta name=\"robots\" content=\"index, follow, max-snippet:-1, max-image-preview:large, max-video-preview:-1\" \/>\n<link rel=\"canonical\" href=\"https:\/\/caseymartel.com\/poseurs-ceramique-rive-nord\/\" \/>\n<meta property=\"og:locale\" content=\"en_US\" \/>\n<meta property=\"og:type\" content=\"article\" \/>\n<meta property=\"og:title\" content=\"Ceramic layers on the North Shore\" \/>\n<meta property=\"og:description\" content=\"Discover Casey Martel: ceramic installers of choice on the North Shore Montreal\" \/>\n<meta property=\"og:url\" content=\"https:\/\/caseymartel.com\/poseurs-ceramique-rive-nord\/\" \/>\n<meta property=\"og:site_name\" content=\"Casey Martel\" \/>\n<meta property=\"article:modified_time\" content=\"2020-05-07T01:15:51+00:00\" \/>\n<meta name=\"twitter:card\" content=\"summary_large_image\" \/>\n<script type=\"application\/ld+json\" class=\"yoast-schema-graph\">{\"@context\":\"https:\/\/schema.org\",\"@graph\":[{\"@type\":\"WebPage\",\"@id\":\"https:\/\/caseymartel.com\/poseurs-ceramique-rive-nord\/\",\"url\":\"https:\/\/caseymartel.com\/poseurs-ceramique-rive-nord\/\",\"name\":\"Ceramic layers on the North Shore\",\"isPartOf\":{\"@id\":\"https:\/\/caseymartel.com\/#website\"},\"datePublished\":\"2020-05-05T19:55:53+00:00\",\"dateModified\":\"2020-05-07T01:15:51+00:00\",\"description\":\"Discover Casey Martel: ceramic installers of choice on the North Shore Montreal\",\"breadcrumb\":{\"@id\":\"https:\/\/caseymartel.com\/poseurs-ceramique-rive-nord\/#breadcrumb\"},\"inLanguage\":\"en-US\",\"potentialAction\":[{\"@type\":\"ReadAction\",\"target\":[\"https:\/\/caseymartel.com\/poseurs-ceramique-rive-nord\/\"]}]},{\"@type\":\"BreadcrumbList\",\"@id\":\"https:\/\/caseymartel.com\/poseurs-ceramique-rive-nord\/#breadcrumb\",\"itemListElement\":[{\"@type\":\"ListItem\",\"position\":1,\"name\":\"Accueil\",\"item\":\"https:\/\/caseymartel.com\/en\/\"},{\"@type\":\"ListItem\",\"position\":2,\"name\":\"Ceramic Installers Montreal North Shore\"}]},{\"@type\":\"WebSite\",\"@id\":\"https:\/\/caseymartel.com\/#website\",\"url\":\"https:\/\/caseymartel.com\/\",\"name\":\"Casey Martel\",\"description\":\"Pose de c\u00e9ramique: Casey Martel sp\u00e9cialis\u00e9 en pose de c\u00e9ramique!\",\"publisher\":{\"@id\":\"https:\/\/caseymartel.com\/#organization\"},\"potentialAction\":[{\"@type\":\"SearchAction\",\"target\":{\"@type\":\"EntryPoint\",\"urlTemplate\":\"https:\/\/caseymartel.com\/?s={search_term_string}\"},\"query-input\":\"required name=search_term_string\"}],\"inLanguage\":\"en-US\"},{\"@type\":\"Organization\",\"@id\":\"https:\/\/caseymartel.com\/#organization\",\"name\":\"Casey Martel\",\"url\":\"https:\/\/caseymartel.com\/\",\"logo\":{\"@type\":\"ImageObject\",\"inLanguage\":\"en-US\",\"@id\":\"https:\/\/caseymartel.com\/#\/schema\/logo\/image\/\",\"url\":\"https:\/\/caseymartel.com\/wp-content\/uploads\/2020\/04\/logo-casey-martel.svg\",\"contentUrl\":\"https:\/\/caseymartel.com\/wp-content\/uploads\/2020\/04\/logo-casey-martel.svg\",\"width\":317,\"height\":181,\"caption\":\"Casey Martel\"},\"image\":{\"@id\":\"https:\/\/caseymartel.com\/#\/schema\/logo\/image\/\"}}]}<\/script>\n<!-- \/ Yoast SEO plugin. -->","yoast_head_json":{"title":"Ceramic layers on the North Shore","description":"Discover Casey Martel: ceramic installers of choice on the North Shore Montreal","robots":{"index":"index","follow":"follow","max-snippet":"max-snippet:-1","max-image-preview":"max-image-preview:large","max-video-preview":"max-video-preview:-1"},"canonical":"https:\/\/caseymartel.com\/poseurs-ceramique-rive-nord\/","og_locale":"en_US","og_type":"article","og_title":"Ceramic layers on the North Shore","og_description":"Discover Casey Martel: ceramic installers of choice on the North Shore Montreal","og_url":"https:\/\/caseymartel.com\/poseurs-ceramique-rive-nord\/","og_site_name":"Casey Martel","article_modified_time":"2020-05-07T01:15:51+00:00","twitter_card":"summary_large_image","schema":{"@context":"https:\/\/schema.org","@graph":[{"@type":"WebPage","@id":"https:\/\/caseymartel.com\/poseurs-ceramique-rive-nord\/","url":"https:\/\/caseymartel.com\/poseurs-ceramique-rive-nord\/","name":"Ceramic layers on the North Shore","isPartOf":{"@id":"https:\/\/caseymartel.com\/#website"},"datePublished":"2020-05-05T19:55:53+00:00","dateModified":"2020-05-07T01:15:51+00:00","description":"Discover Casey Martel: ceramic installers of choice on the North Shore Montreal","breadcrumb":{"@id":"https:\/\/caseymartel.com\/poseurs-ceramique-rive-nord\/#breadcrumb"},"inLanguage":"en-US","potentialAction":[{"@type":"ReadAction","target":["https:\/\/caseymartel.com\/poseurs-ceramique-rive-nord\/"]}]},{"@type":"BreadcrumbList","@id":"https:\/\/caseymartel.com\/poseurs-ceramique-rive-nord\/#breadcrumb","itemListElement":[{"@type":"ListItem","position":1,"name":"Accueil","item":"https:\/\/caseymartel.com\/en\/"},{"@type":"ListItem","position":2,"name":"Ceramic Installers Montreal North Shore"}]},{"@type":"WebSite","@id":"https:\/\/caseymartel.com\/#website","url":"https:\/\/caseymartel.com\/","name":"Casey Martel","description":"Pose de c\u00e9ramique: Casey Martel sp\u00e9cialis\u00e9 en pose de c\u00e9ramique!","publisher":{"@id":"https:\/\/caseymartel.com\/#organization"},"potentialAction":[{"@type":"SearchAction","target":{"@type":"EntryPoint","urlTemplate":"https:\/\/caseymartel.com\/?s={search_term_string}"},"query-input":"required name=search_term_string"}],"inLanguage":"en-US"},{"@type":"Organization","@id":"https:\/\/caseymartel.com\/#organization","name":"Casey Martel","url":"https:\/\/caseymartel.com\/","logo":{"@type":"ImageObject","inLanguage":"en-US","@id":"https:\/\/caseymartel.com\/#\/schema\/logo\/image\/","url":"https:\/\/caseymartel.com\/wp-content\/uploads\/2020\/04\/logo-casey-martel.svg","contentUrl":"https:\/\/caseymartel.com\/wp-content\/uploads\/2020\/04\/logo-casey-martel.svg","width":317,"height":181,"caption":"Casey Martel"},"image":{"@id":"https:\/\/caseymartel.com\/#\/schema\/logo\/image\/"}}]}},"_links":{"self":[{"href":"https:\/\/caseymartel.com\/en\/wp-json\/wp\/v2\/pages\/1037"}],"collection":[{"href":"https:\/\/caseymartel.com\/en\/wp-json\/wp\/v2\/pages"}],"about":[{"href":"https:\/\/caseymartel.com\/en\/wp-json\/wp\/v2\/types\/page"}],"author":[{"embeddable":true,"href":"https:\/\/caseymartel.com\/en\/wp-json\/wp\/v2\/users\/1"}],"replies":[{"embeddable":true,"href":"https:\/\/caseymartel.com\/en\/wp-json\/wp\/v2\/comments?post=1037"}],"version-history":[{"count":6,"href":"https:\/\/caseymartel.com\/en\/wp-json\/wp\/v2\/pages\/1037\/revisions"}],"predecessor-version":[{"id":1550,"href":"https:\/\/caseymartel.com\/en\/wp-json\/wp\/v2\/pages\/1037\/revisions\/1550"}],"wp:attachment":[{"href":"https:\/\/caseymartel.com\/en\/wp-json\/wp\/v2\/media?parent=1037"}],"curies":[{"name":"wp","href":"https:\/\/api.w.org\/{rel}","templated":true}]}}