{"id":1026,"date":"2020-05-05T21:57:28","date_gmt":"2020-05-05T19:57:28","guid":{"rendered":"https:\/\/caseymartel.com\/?page_id=1026"},"modified":"2020-05-05T22:08:32","modified_gmt":"2020-05-05T20:08:32","slug":"inspiration-tile-installation","status":"publish","type":"page","link":"https:\/\/caseymartel.com\/en\/inspiration-tile-installation\/","title":{"rendered":"Inspiration"},"content":{"rendered":"","protected":false},"excerpt":{"rendered":"","protected":false},"author":1,"featured_media":0,"parent":0,"menu_order":0,"comment_status":"closed","ping_status":"closed","template":"","meta":{"_monsterinsights_skip_tracking":false,"_monsterinsights_sitenote_active":false,"_monsterinsights_sitenote_note":"","_monsterinsights_sitenote_category":0,"footnotes":""},"yoast_head":"<!-- This site is optimized with the Yoast SEO plugin v22.8 - https:\/\/yoast.com\/wordpress\/plugins\/seo\/ -->\n<title>Tiling: take inspiration from our recent trends in tiling!<\/title>\n<meta name=\"description\" content=\"Tiling: take inspiration from our recent trends in tiling for kitchens, bathrooms, homes, commercial, garages, exterior stones, etc.\" \/>\n<meta name=\"robots\" content=\"index, follow, max-snippet:-1, max-image-preview:large, max-video-preview:-1\" \/>\n<link rel=\"canonical\" href=\"https:\/\/caseymartel.com\/inspiration-pose-creamique\/\" \/>\n<meta property=\"og:locale\" content=\"en_US\" \/>\n<meta property=\"og:type\" content=\"article\" \/>\n<meta property=\"og:title\" content=\"Tiling: take inspiration from our recent trends in tiling!\" \/>\n<meta property=\"og:description\" content=\"Tiling: take inspiration from our recent trends in tiling for kitchens, bathrooms, homes, commercial, garages, exterior stones, etc.\" \/>\n<meta property=\"og:url\" content=\"https:\/\/caseymartel.com\/inspiration-pose-creamique\/\" \/>\n<meta property=\"og:site_name\" content=\"Casey Martel\" \/>\n<meta property=\"article:modified_time\" content=\"2020-05-05T20:08:32+00:00\" \/>\n<meta name=\"twitter:card\" content=\"summary_large_image\" \/>\n<script type=\"application\/ld+json\" class=\"yoast-schema-graph\">{\"@context\":\"https:\/\/schema.org\",\"@graph\":[{\"@type\":\"WebPage\",\"@id\":\"https:\/\/caseymartel.com\/inspiration-pose-creamique\/\",\"url\":\"https:\/\/caseymartel.com\/inspiration-pose-creamique\/\",\"name\":\"Tiling: take inspiration from our recent trends in tiling!\",\"isPartOf\":{\"@id\":\"https:\/\/caseymartel.com\/#website\"},\"datePublished\":\"2020-05-05T19:57:28+00:00\",\"dateModified\":\"2020-05-05T20:08:32+00:00\",\"description\":\"Tiling: take inspiration from our recent trends in tiling for kitchens, bathrooms, homes, commercial, garages, exterior stones, etc.\",\"breadcrumb\":{\"@id\":\"https:\/\/caseymartel.com\/inspiration-pose-creamique\/#breadcrumb\"},\"inLanguage\":\"en-US\",\"potentialAction\":[{\"@type\":\"ReadAction\",\"target\":[\"https:\/\/caseymartel.com\/inspiration-pose-creamique\/\"]}]},{\"@type\":\"BreadcrumbList\",\"@id\":\"https:\/\/caseymartel.com\/inspiration-pose-creamique\/#breadcrumb\",\"itemListElement\":[{\"@type\":\"ListItem\",\"position\":1,\"name\":\"Accueil\",\"item\":\"https:\/\/caseymartel.com\/en\/\"},{\"@type\":\"ListItem\",\"position\":2,\"name\":\"Inspiration\"}]},{\"@type\":\"WebSite\",\"@id\":\"https:\/\/caseymartel.com\/#website\",\"url\":\"https:\/\/caseymartel.com\/\",\"name\":\"Casey Martel\",\"description\":\"Pose de c\u00e9ramique: Casey Martel sp\u00e9cialis\u00e9 en pose de c\u00e9ramique!\",\"publisher\":{\"@id\":\"https:\/\/caseymartel.com\/#organization\"},\"potentialAction\":[{\"@type\":\"SearchAction\",\"target\":{\"@type\":\"EntryPoint\",\"urlTemplate\":\"https:\/\/caseymartel.com\/?s={search_term_string}\"},\"query-input\":\"required name=search_term_string\"}],\"inLanguage\":\"en-US\"},{\"@type\":\"Organization\",\"@id\":\"https:\/\/caseymartel.com\/#organization\",\"name\":\"Casey Martel\",\"url\":\"https:\/\/caseymartel.com\/\",\"logo\":{\"@type\":\"ImageObject\",\"inLanguage\":\"en-US\",\"@id\":\"https:\/\/caseymartel.com\/#\/schema\/logo\/image\/\",\"url\":\"https:\/\/caseymartel.com\/wp-content\/uploads\/2020\/04\/logo-casey-martel.svg\",\"contentUrl\":\"https:\/\/caseymartel.com\/wp-content\/uploads\/2020\/04\/logo-casey-martel.svg\",\"width\":317,\"height\":181,\"caption\":\"Casey Martel\"},\"image\":{\"@id\":\"https:\/\/caseymartel.com\/#\/schema\/logo\/image\/\"}}]}<\/script>\n<!-- \/ Yoast SEO plugin. -->","yoast_head_json":{"title":"Tiling: take inspiration from our recent trends in tiling!","description":"Tiling: take inspiration from our recent trends in tiling for kitchens, bathrooms, homes, commercial, garages, exterior stones, etc.","robots":{"index":"index","follow":"follow","max-snippet":"max-snippet:-1","max-image-preview":"max-image-preview:large","max-video-preview":"max-video-preview:-1"},"canonical":"https:\/\/caseymartel.com\/inspiration-pose-creamique\/","og_locale":"en_US","og_type":"article","og_title":"Tiling: take inspiration from our recent trends in tiling!","og_description":"Tiling: take inspiration from our recent trends in tiling for kitchens, bathrooms, homes, commercial, garages, exterior stones, etc.","og_url":"https:\/\/caseymartel.com\/inspiration-pose-creamique\/","og_site_name":"Casey Martel","article_modified_time":"2020-05-05T20:08:32+00:00","twitter_card":"summary_large_image","schema":{"@context":"https:\/\/schema.org","@graph":[{"@type":"WebPage","@id":"https:\/\/caseymartel.com\/inspiration-pose-creamique\/","url":"https:\/\/caseymartel.com\/inspiration-pose-creamique\/","name":"Tiling: take inspiration from our recent trends in tiling!","isPartOf":{"@id":"https:\/\/caseymartel.com\/#website"},"datePublished":"2020-05-05T19:57:28+00:00","dateModified":"2020-05-05T20:08:32+00:00","description":"Tiling: take inspiration from our recent trends in tiling for kitchens, bathrooms, homes, commercial, garages, exterior stones, etc.","breadcrumb":{"@id":"https:\/\/caseymartel.com\/inspiration-pose-creamique\/#breadcrumb"},"inLanguage":"en-US","potentialAction":[{"@type":"ReadAction","target":["https:\/\/caseymartel.com\/inspiration-pose-creamique\/"]}]},{"@type":"BreadcrumbList","@id":"https:\/\/caseymartel.com\/inspiration-pose-creamique\/#breadcrumb","itemListElement":[{"@type":"ListItem","position":1,"name":"Accueil","item":"https:\/\/caseymartel.com\/en\/"},{"@type":"ListItem","position":2,"name":"Inspiration"}]},{"@type":"WebSite","@id":"https:\/\/caseymartel.com\/#website","url":"https:\/\/caseymartel.com\/","name":"Casey Martel","description":"Pose de c\u00e9ramique: Casey Martel sp\u00e9cialis\u00e9 en pose de c\u00e9ramique!","publisher":{"@id":"https:\/\/caseymartel.com\/#organization"},"potentialAction":[{"@type":"SearchAction","target":{"@type":"EntryPoint","urlTemplate":"https:\/\/caseymartel.com\/?s={search_term_string}"},"query-input":"required name=search_term_string"}],"inLanguage":"en-US"},{"@type":"Organization","@id":"https:\/\/caseymartel.com\/#organization","name":"Casey Martel","url":"https:\/\/caseymartel.com\/","logo":{"@type":"ImageObject","inLanguage":"en-US","@id":"https:\/\/caseymartel.com\/#\/schema\/logo\/image\/","url":"https:\/\/caseymartel.com\/wp-content\/uploads\/2020\/04\/logo-casey-martel.svg","contentUrl":"https:\/\/caseymartel.com\/wp-content\/uploads\/2020\/04\/logo-casey-martel.svg","width":317,"height":181,"caption":"Casey Martel"},"image":{"@id":"https:\/\/caseymartel.com\/#\/schema\/logo\/image\/"}}]}},"_links":{"self":[{"href":"https:\/\/caseymartel.com\/en\/wp-json\/wp\/v2\/pages\/1026"}],"collection":[{"href":"https:\/\/caseymartel.com\/en\/wp-json\/wp\/v2\/pages"}],"about":[{"href":"https:\/\/caseymartel.com\/en\/wp-json\/wp\/v2\/types\/page"}],"author":[{"embeddable":true,"href":"https:\/\/caseymartel.com\/en\/wp-json\/wp\/v2\/users\/1"}],"replies":[{"embeddable":true,"href":"https:\/\/caseymartel.com\/en\/wp-json\/wp\/v2\/comments?post=1026"}],"version-history":[{"count":2,"href":"https:\/\/caseymartel.com\/en\/wp-json\/wp\/v2\/pages\/1026\/revisions"}],"predecessor-version":[{"id":1141,"href":"https:\/\/caseymartel.com\/en\/wp-json\/wp\/v2\/pages\/1026\/revisions\/1141"}],"wp:attachment":[{"href":"https:\/\/caseymartel.com\/en\/wp-json\/wp\/v2\/media?parent=1026"}],"curies":[{"name":"wp","href":"https:\/\/api.w.org\/{rel}","templated":true}]}}