{"id":1024,"date":"2020-05-05T21:57:49","date_gmt":"2020-05-05T19:57:49","guid":{"rendered":"https:\/\/caseymartel.com\/?page_id=1024"},"modified":"2020-05-07T02:57:30","modified_gmt":"2020-05-07T00:57:30","slug":"ceramic-faq","status":"publish","type":"page","link":"https:\/\/caseymartel.com\/en\/ceramic-faq\/","title":{"rendered":"Frequented Asked Questions"},"content":{"rendered":"\t\t<div data-elementor-type=\"wp-page\" data-elementor-id=\"1024\" class=\"elementor elementor-1024 elementor-5\" data-elementor-post-type=\"page\">\n\t\t\t\t\t\t<section class=\"elementor-section elementor-top-section elementor-element elementor-element-1633fef6 elementor-section-height-min-height elementor-section-boxed elementor-section-height-default elementor-section-items-middle\" data-id=\"1633fef6\" data-element_type=\"section\" data-settings=\"{&quot;background_background&quot;:&quot;classic&quot;,&quot;background_motion_fx_motion_fx_scrolling&quot;:&quot;yes&quot;,&quot;background_motion_fx_translateY_effect&quot;:&quot;yes&quot;,&quot;background_motion_fx_translateY_speed&quot;:{&quot;unit&quot;:&quot;px&quot;,&quot;size&quot;:6.79999999999999982236431605997495353221893310546875,&quot;sizes&quot;:[]},&quot;background_motion_fx_translateY_affectedRange&quot;:{&quot;unit&quot;:&quot;%&quot;,&quot;size&quot;:&quot;&quot;,&quot;sizes&quot;:{&quot;start&quot;:0,&quot;end&quot;:100}},&quot;background_motion_fx_devices&quot;:[&quot;desktop&quot;,&quot;tablet&quot;,&quot;mobile&quot;]}\">\n\t\t\t\t\t\t\t<div class=\"elementor-background-overlay\"><\/div>\n\t\t\t\t\t\t\t<div class=\"elementor-container elementor-column-gap-default\">\n\t\t\t\t\t<div class=\"elementor-column elementor-col-100 elementor-top-column elementor-element elementor-element-cb1051d\" data-id=\"cb1051d\" data-element_type=\"column\">\n\t\t\t<div class=\"elementor-widget-wrap elementor-element-populated\">\n\t\t\t\t\t\t<section class=\"elementor-section elementor-inner-section elementor-element elementor-element-344883d1 elementor-section-boxed elementor-section-height-default elementor-section-height-default\" data-id=\"344883d1\" data-element_type=\"section\">\n\t\t\t\t\t\t<div class=\"elementor-container elementor-column-gap-default\">\n\t\t\t\t\t<div class=\"elementor-column elementor-col-50 elementor-inner-column elementor-element elementor-element-695f4250\" data-id=\"695f4250\" data-element_type=\"column\">\n\t\t\t<div class=\"elementor-widget-wrap elementor-element-populated\">\n\t\t\t\t\t\t<div class=\"elementor-element elementor-element-6e821715 elementor-widget elementor-widget-heading\" data-id=\"6e821715\" data-element_type=\"widget\" data-widget_type=\"heading.default\">\n\t\t\t\t<div class=\"elementor-widget-container\">\n\t\t\t<h2 class=\"elementor-heading-title elementor-size-default\">Frequent Asked Questions<\/h2>\t\t<\/div>\n\t\t\t\t<\/div>\n\t\t\t\t\t<\/div>\n\t\t<\/div>\n\t\t\t\t<div class=\"elementor-column elementor-col-50 elementor-inner-column elementor-element elementor-element-728966e3\" data-id=\"728966e3\" data-element_type=\"column\">\n\t\t\t<div class=\"elementor-widget-wrap\">\n\t\t\t\t\t\t\t<\/div>\n\t\t<\/div>\n\t\t\t\t\t<\/div>\n\t\t<\/section>\n\t\t\t\t\t<\/div>\n\t\t<\/div>\n\t\t\t\t\t<\/div>\n\t\t<\/section>\n\t\t\t\t<section class=\"elementor-section elementor-top-section elementor-element elementor-element-6866f3e0 elementor-section-content-top elementor-section-boxed elementor-section-height-default elementor-section-height-default\" data-id=\"6866f3e0\" data-element_type=\"section\">\n\t\t\t\t\t\t<div class=\"elementor-container elementor-column-gap-default\">\n\t\t\t\t\t<div class=\"elementor-column elementor-col-50 elementor-top-column elementor-element elementor-element-48a6cc49\" data-id=\"48a6cc49\" data-element_type=\"column\">\n\t\t\t<div class=\"elementor-widget-wrap elementor-element-populated\">\n\t\t\t\t\t\t<div class=\"elementor-element elementor-element-93a0661 elementor-widget elementor-widget-spacer\" data-id=\"93a0661\" data-element_type=\"widget\" data-widget_type=\"spacer.default\">\n\t\t\t\t<div class=\"elementor-widget-container\">\n\t\t\t\t\t<div class=\"elementor-spacer\">\n\t\t\t<div class=\"elementor-spacer-inner\"><\/div>\n\t\t<\/div>\n\t\t\t\t<\/div>\n\t\t\t\t<\/div>\n\t\t\t\t<div class=\"elementor-element elementor-element-49c8c2c6 elementor-widget elementor-widget-text-editor\" data-id=\"49c8c2c6\" data-element_type=\"widget\" data-widget_type=\"text-editor.default\">\n\t\t\t\t<div class=\"elementor-widget-container\">\n\t\t\t\t\t\t\t<h4>At Casey Martel, our primary goal is to support you in your project! That is why we have set up this FAQ section to answer most of your questions.<\/h4><p>At Casey Martel, our first goal is to support you in your ceramic project! This is why we have set up this Frequently Asked Questions, in order to answer most of your questions concerning the laying and uses related to ceramics.<\/p>\t\t\t\t\t\t<\/div>\n\t\t\t\t<\/div>\n\t\t\t\t\t<\/div>\n\t\t<\/div>\n\t\t\t\t<div class=\"elementor-column elementor-col-50 elementor-top-column elementor-element elementor-element-1d1d1eb4\" data-id=\"1d1d1eb4\" data-element_type=\"column\">\n\t\t\t<div class=\"elementor-widget-wrap elementor-element-populated\">\n\t\t\t\t\t\t<div class=\"elementor-element elementor-element-01ad3b1 elementor-widget elementor-widget-accordion\" data-id=\"01ad3b1\" data-element_type=\"widget\" data-widget_type=\"accordion.default\">\n\t\t\t\t<div class=\"elementor-widget-container\">\n\t\t\t\t\t<div class=\"elementor-accordion\">\n\t\t\t\t\t\t\t<div class=\"elementor-accordion-item\">\n\t\t\t\t\t<div id=\"elementor-tab-title-1751\" class=\"elementor-tab-title\" data-tab=\"1\" role=\"button\" aria-controls=\"elementor-tab-content-1751\" aria-expanded=\"false\">\n\t\t\t\t\t\t\t\t\t\t\t\t\t<span class=\"elementor-accordion-icon elementor-accordion-icon-left\" aria-hidden=\"true\">\n\t\t\t\t\t\t\t\t\t\t\t\t\t\t\t<span class=\"elementor-accordion-icon-closed\"><i class=\"fas fa-caret-down\"><\/i><\/span>\n\t\t\t\t\t\t\t\t<span class=\"elementor-accordion-icon-opened\"><i class=\"fas fa-caret-up\"><\/i><\/span>\n\t\t\t\t\t\t\t\t\t\t\t\t\t\t<\/span>\n\t\t\t\t\t\t\t\t\t\t\t\t<a class=\"elementor-accordion-title\" tabindex=\"0\">How do I measure the number of tiles required for my project<\/a>\n\t\t\t\t\t<\/div>\n\t\t\t\t\t<div id=\"elementor-tab-content-1751\" class=\"elementor-tab-content elementor-clearfix\" data-tab=\"1\" role=\"region\" aria-labelledby=\"elementor-tab-title-1751\"><p>Example: The floor measures 14 \u20188-1\/2\u2033 x 13\u2019 4-3\/8\u2033.<\/p><p>The number required is calculated as follows:<\/p><p>Round off the measurements to the nearest foot, so 15 \u2018x 14\u2019 = 210 sq. ft.<br \/>Add a percentage of tiles due to loss during cutting and for replacement, as well, namely:<\/p><p>5% for a smooth surface (square or rectangle)<br \/>10% for irregular surfaces, corners, multidirectionals<\/p><\/div>\n\t\t\t\t<\/div>\n\t\t\t\t\t\t\t<div class=\"elementor-accordion-item\">\n\t\t\t\t\t<div id=\"elementor-tab-title-1752\" class=\"elementor-tab-title\" data-tab=\"2\" role=\"button\" aria-controls=\"elementor-tab-content-1752\" aria-expanded=\"false\">\n\t\t\t\t\t\t\t\t\t\t\t\t\t<span class=\"elementor-accordion-icon elementor-accordion-icon-left\" aria-hidden=\"true\">\n\t\t\t\t\t\t\t\t\t\t\t\t\t\t\t<span class=\"elementor-accordion-icon-closed\"><i class=\"fas fa-caret-down\"><\/i><\/span>\n\t\t\t\t\t\t\t\t<span class=\"elementor-accordion-icon-opened\"><i class=\"fas fa-caret-up\"><\/i><\/span>\n\t\t\t\t\t\t\t\t\t\t\t\t\t\t<\/span>\n\t\t\t\t\t\t\t\t\t\t\t\t<a class=\"elementor-accordion-title\" tabindex=\"0\">Should I buy the installation and joint products (mortar and grout) for my work?<\/a>\n\t\t\t\t\t<\/div>\n\t\t\t\t\t<div id=\"elementor-tab-content-1752\" class=\"elementor-tab-content elementor-clearfix\" data-tab=\"2\" role=\"region\" aria-labelledby=\"elementor-tab-title-1752\"><p>It\u2019s always best to leave it to the professionals to provide adequate installation products in terms of texture and guarantee.<\/p><\/div>\n\t\t\t\t<\/div>\n\t\t\t\t\t\t\t<div class=\"elementor-accordion-item\">\n\t\t\t\t\t<div id=\"elementor-tab-title-1753\" class=\"elementor-tab-title\" data-tab=\"3\" role=\"button\" aria-controls=\"elementor-tab-content-1753\" aria-expanded=\"false\">\n\t\t\t\t\t\t\t\t\t\t\t\t\t<span class=\"elementor-accordion-icon elementor-accordion-icon-left\" aria-hidden=\"true\">\n\t\t\t\t\t\t\t\t\t\t\t\t\t\t\t<span class=\"elementor-accordion-icon-closed\"><i class=\"fas fa-caret-down\"><\/i><\/span>\n\t\t\t\t\t\t\t\t<span class=\"elementor-accordion-icon-opened\"><i class=\"fas fa-caret-up\"><\/i><\/span>\n\t\t\t\t\t\t\t\t\t\t\t\t\t\t<\/span>\n\t\t\t\t\t\t\t\t\t\t\t\t<a class=\"elementor-accordion-title\" tabindex=\"0\">What is the material most recommended for shower wall projects?<\/a>\n\t\t\t\t\t<\/div>\n\t\t\t\t\t<div id=\"elementor-tab-content-1753\" class=\"elementor-tab-content elementor-clearfix\" data-tab=\"3\" role=\"region\" aria-labelledby=\"elementor-tab-title-1753\"><p>The latest tile innovation is the Kerdi-Board and Kerdi-Band Schluter panel system by Schluter. It is the most recommended because of its high resistance to water vapour.<\/p><\/div>\n\t\t\t\t<\/div>\n\t\t\t\t\t\t\t<div class=\"elementor-accordion-item\">\n\t\t\t\t\t<div id=\"elementor-tab-title-1754\" class=\"elementor-tab-title\" data-tab=\"4\" role=\"button\" aria-controls=\"elementor-tab-content-1754\" aria-expanded=\"false\">\n\t\t\t\t\t\t\t\t\t\t\t\t\t<span class=\"elementor-accordion-icon elementor-accordion-icon-left\" aria-hidden=\"true\">\n\t\t\t\t\t\t\t\t\t\t\t\t\t\t\t<span class=\"elementor-accordion-icon-closed\"><i class=\"fas fa-caret-down\"><\/i><\/span>\n\t\t\t\t\t\t\t\t<span class=\"elementor-accordion-icon-opened\"><i class=\"fas fa-caret-up\"><\/i><\/span>\n\t\t\t\t\t\t\t\t\t\t\t\t\t\t<\/span>\n\t\t\t\t\t\t\t\t\t\t\t\t<a class=\"elementor-accordion-title\" tabindex=\"0\">What professional should I call to fashion a shower and for positioning of the niches?<\/a>\n\t\t\t\t\t<\/div>\n\t\t\t\t\t<div id=\"elementor-tab-content-1754\" class=\"elementor-tab-content elementor-clearfix\" data-tab=\"4\" role=\"region\" aria-labelledby=\"elementor-tab-title-1754\"><p>A tiler is the best choice. They\u2019ll consider the joint alignment to best position your niches.<\/p><\/div>\n\t\t\t\t<\/div>\n\t\t\t\t\t\t\t<div class=\"elementor-accordion-item\">\n\t\t\t\t\t<div id=\"elementor-tab-title-1755\" class=\"elementor-tab-title\" data-tab=\"5\" role=\"button\" aria-controls=\"elementor-tab-content-1755\" aria-expanded=\"false\">\n\t\t\t\t\t\t\t\t\t\t\t\t\t<span class=\"elementor-accordion-icon elementor-accordion-icon-left\" aria-hidden=\"true\">\n\t\t\t\t\t\t\t\t\t\t\t\t\t\t\t<span class=\"elementor-accordion-icon-closed\"><i class=\"fas fa-caret-down\"><\/i><\/span>\n\t\t\t\t\t\t\t\t<span class=\"elementor-accordion-icon-opened\"><i class=\"fas fa-caret-up\"><\/i><\/span>\n\t\t\t\t\t\t\t\t\t\t\t\t\t\t<\/span>\n\t\t\t\t\t\t\t\t\t\t\t\t<a class=\"elementor-accordion-title\" tabindex=\"0\">I have a tiling project for the floor of my garage. There are cracks in my concrete slab and in the existing floor paint. What should I do?<\/a>\n\t\t\t\t\t<\/div>\n\t\t\t\t\t<div id=\"elementor-tab-content-1755\" class=\"elementor-tab-content elementor-clearfix\" data-tab=\"5\" role=\"region\" aria-labelledby=\"elementor-tab-title-1755\"><p>First, the tiler will proceed with the removal of the paint using a diamond grinding wheel. Next, they\u2019ll fix your slab using a drill to insert a reinforcing bar and will secure it with epoxy. He\u2019ll finish the preparation by installing a Ditra membrane.<\/p><\/div>\n\t\t\t\t<\/div>\n\t\t\t\t\t\t\t<div class=\"elementor-accordion-item\">\n\t\t\t\t\t<div id=\"elementor-tab-title-1756\" class=\"elementor-tab-title\" data-tab=\"6\" role=\"button\" aria-controls=\"elementor-tab-content-1756\" aria-expanded=\"false\">\n\t\t\t\t\t\t\t\t\t\t\t\t\t<span class=\"elementor-accordion-icon elementor-accordion-icon-left\" aria-hidden=\"true\">\n\t\t\t\t\t\t\t\t\t\t\t\t\t\t\t<span class=\"elementor-accordion-icon-closed\"><i class=\"fas fa-caret-down\"><\/i><\/span>\n\t\t\t\t\t\t\t\t<span class=\"elementor-accordion-icon-opened\"><i class=\"fas fa-caret-up\"><\/i><\/span>\n\t\t\t\t\t\t\t\t\t\t\t\t\t\t<\/span>\n\t\t\t\t\t\t\t\t\t\t\t\t<a class=\"elementor-accordion-title\" tabindex=\"0\">Is Mapei\u2019s Kerapoxy grout suitable for all kinds of grouting?<\/a>\n\t\t\t\t\t<\/div>\n\t\t\t\t\t<div id=\"elementor-tab-content-1756\" class=\"elementor-tab-content elementor-clearfix\" data-tab=\"6\" role=\"region\" aria-labelledby=\"elementor-tab-title-1756\"><p>This type of grout isn\u2019t recommended because of fading due to the sun\u2019s ultraviolet rays.<\/p><\/div>\n\t\t\t\t<\/div>\n\t\t\t\t\t\t\t<div class=\"elementor-accordion-item\">\n\t\t\t\t\t<div id=\"elementor-tab-title-1757\" class=\"elementor-tab-title\" data-tab=\"7\" role=\"button\" aria-controls=\"elementor-tab-content-1757\" aria-expanded=\"false\">\n\t\t\t\t\t\t\t\t\t\t\t\t\t<span class=\"elementor-accordion-icon elementor-accordion-icon-left\" aria-hidden=\"true\">\n\t\t\t\t\t\t\t\t\t\t\t\t\t\t\t<span class=\"elementor-accordion-icon-closed\"><i class=\"fas fa-caret-down\"><\/i><\/span>\n\t\t\t\t\t\t\t\t<span class=\"elementor-accordion-icon-opened\"><i class=\"fas fa-caret-up\"><\/i><\/span>\n\t\t\t\t\t\t\t\t\t\t\t\t\t\t<\/span>\n\t\t\t\t\t\t\t\t\t\t\t\t<a class=\"elementor-accordion-title\" tabindex=\"0\">Is it recommended to use a self-leveler like Ultraplan Plus outside?<\/a>\n\t\t\t\t\t<\/div>\n\t\t\t\t\t<div id=\"elementor-tab-content-1757\" class=\"elementor-tab-content elementor-clearfix\" data-tab=\"7\" role=\"region\" aria-labelledby=\"elementor-tab-title-1757\"><p>It\u2019s not recommended to use this type of product because of the wide temperature variations in Quebec.<\/p><\/div>\n\t\t\t\t<\/div>\n\t\t\t\t\t\t\t<div class=\"elementor-accordion-item\">\n\t\t\t\t\t<div id=\"elementor-tab-title-1758\" class=\"elementor-tab-title\" data-tab=\"8\" role=\"button\" aria-controls=\"elementor-tab-content-1758\" aria-expanded=\"false\">\n\t\t\t\t\t\t\t\t\t\t\t\t\t<span class=\"elementor-accordion-icon elementor-accordion-icon-left\" aria-hidden=\"true\">\n\t\t\t\t\t\t\t\t\t\t\t\t\t\t\t<span class=\"elementor-accordion-icon-closed\"><i class=\"fas fa-caret-down\"><\/i><\/span>\n\t\t\t\t\t\t\t\t<span class=\"elementor-accordion-icon-opened\"><i class=\"fas fa-caret-up\"><\/i><\/span>\n\t\t\t\t\t\t\t\t\t\t\t\t\t\t<\/span>\n\t\t\t\t\t\t\t\t\t\t\t\t<a class=\"elementor-accordion-title\" tabindex=\"0\">In preparing my new floor, should I leave a space between the sheets of plywood?<\/a>\n\t\t\t\t\t<\/div>\n\t\t\t\t\t<div id=\"elementor-tab-content-1758\" class=\"elementor-tab-content elementor-clearfix\" data-tab=\"8\" role=\"region\" aria-labelledby=\"elementor-tab-title-1758\"><p>It\u2019s very important to leave a gap of about 1\/8\u2033 between the plywood sheets in the last row, as they will expand when laying tiles due to the moisture in the mortar.<\/p><\/div>\n\t\t\t\t<\/div>\n\t\t\t\t\t\t\t\t<\/div>\n\t\t\t\t<\/div>\n\t\t\t\t<\/div>\n\t\t\t\t\t<\/div>\n\t\t<\/div>\n\t\t\t\t\t<\/div>\n\t\t<\/section>\n\t\t\t\t<\/div>\n\t\t","protected":false},"excerpt":{"rendered":"<p>Frequent Asked Questions At Casey Martel, our primary goal is to support you in your project! That is why we have set up this FAQ section to answer most of your questions. At Casey Martel, our first goal is to support you in your ceramic project! This is why we have set up this Frequently [&hellip;]<\/p>\n","protected":false},"author":1,"featured_media":0,"parent":0,"menu_order":0,"comment_status":"closed","ping_status":"closed","template":"","meta":{"_monsterinsights_skip_tracking":false,"_monsterinsights_sitenote_active":false,"_monsterinsights_sitenote_note":"","_monsterinsights_sitenote_category":0,"footnotes":""},"yoast_head":"<!-- This site is optimized with the Yoast SEO plugin v22.8 - https:\/\/yoast.com\/wordpress\/plugins\/seo\/ -->\n<title>Ceramics: Frequently asked questions about ceramic laying and uses<\/title>\n<meta name=\"description\" content=\"Ceramics: Frequently asked questions about the laying and uses of ceramic to support you in your renovation or construction project.\" \/>\n<meta name=\"robots\" content=\"index, follow, max-snippet:-1, max-image-preview:large, max-video-preview:-1\" \/>\n<link rel=\"canonical\" href=\"https:\/\/caseymartel.com\/foire-aux-questions-ceramique\/\" \/>\n<meta property=\"og:locale\" content=\"en_US\" \/>\n<meta property=\"og:type\" content=\"article\" \/>\n<meta property=\"og:title\" content=\"Ceramics: Frequently asked questions about ceramic laying and uses\" \/>\n<meta property=\"og:description\" content=\"Ceramics: Frequently asked questions about the laying and uses of ceramic to support you in your renovation or construction project.\" \/>\n<meta property=\"og:url\" content=\"https:\/\/caseymartel.com\/foire-aux-questions-ceramique\/\" \/>\n<meta property=\"og:site_name\" content=\"Casey Martel\" \/>\n<meta property=\"article:modified_time\" content=\"2020-05-07T00:57:30+00:00\" \/>\n<meta name=\"twitter:card\" content=\"summary_large_image\" \/>\n<meta name=\"twitter:label1\" content=\"Est. reading time\" \/>\n\t<meta name=\"twitter:data1\" content=\"2 minutes\" \/>\n<script type=\"application\/ld+json\" class=\"yoast-schema-graph\">{\"@context\":\"https:\/\/schema.org\",\"@graph\":[{\"@type\":\"WebPage\",\"@id\":\"https:\/\/caseymartel.com\/foire-aux-questions-ceramique\/\",\"url\":\"https:\/\/caseymartel.com\/foire-aux-questions-ceramique\/\",\"name\":\"Ceramics: Frequently asked questions about ceramic laying and uses\",\"isPartOf\":{\"@id\":\"https:\/\/caseymartel.com\/#website\"},\"datePublished\":\"2020-05-05T19:57:49+00:00\",\"dateModified\":\"2020-05-07T00:57:30+00:00\",\"description\":\"Ceramics: Frequently asked questions about the laying and uses of ceramic to support you in your renovation or construction project.\",\"breadcrumb\":{\"@id\":\"https:\/\/caseymartel.com\/foire-aux-questions-ceramique\/#breadcrumb\"},\"inLanguage\":\"en-US\",\"potentialAction\":[{\"@type\":\"ReadAction\",\"target\":[\"https:\/\/caseymartel.com\/foire-aux-questions-ceramique\/\"]}]},{\"@type\":\"BreadcrumbList\",\"@id\":\"https:\/\/caseymartel.com\/foire-aux-questions-ceramique\/#breadcrumb\",\"itemListElement\":[{\"@type\":\"ListItem\",\"position\":1,\"name\":\"Accueil\",\"item\":\"https:\/\/caseymartel.com\/en\/\"},{\"@type\":\"ListItem\",\"position\":2,\"name\":\"Frequented Asked Questions\"}]},{\"@type\":\"WebSite\",\"@id\":\"https:\/\/caseymartel.com\/#website\",\"url\":\"https:\/\/caseymartel.com\/\",\"name\":\"Casey Martel\",\"description\":\"Pose de c\u00e9ramique: Casey Martel sp\u00e9cialis\u00e9 en pose de c\u00e9ramique!\",\"publisher\":{\"@id\":\"https:\/\/caseymartel.com\/#organization\"},\"potentialAction\":[{\"@type\":\"SearchAction\",\"target\":{\"@type\":\"EntryPoint\",\"urlTemplate\":\"https:\/\/caseymartel.com\/?s={search_term_string}\"},\"query-input\":\"required name=search_term_string\"}],\"inLanguage\":\"en-US\"},{\"@type\":\"Organization\",\"@id\":\"https:\/\/caseymartel.com\/#organization\",\"name\":\"Casey Martel\",\"url\":\"https:\/\/caseymartel.com\/\",\"logo\":{\"@type\":\"ImageObject\",\"inLanguage\":\"en-US\",\"@id\":\"https:\/\/caseymartel.com\/#\/schema\/logo\/image\/\",\"url\":\"https:\/\/caseymartel.com\/wp-content\/uploads\/2020\/04\/logo-casey-martel.svg\",\"contentUrl\":\"https:\/\/caseymartel.com\/wp-content\/uploads\/2020\/04\/logo-casey-martel.svg\",\"width\":317,\"height\":181,\"caption\":\"Casey Martel\"},\"image\":{\"@id\":\"https:\/\/caseymartel.com\/#\/schema\/logo\/image\/\"}}]}<\/script>\n<!-- \/ Yoast SEO plugin. -->","yoast_head_json":{"title":"Ceramics: Frequently asked questions about ceramic laying and uses","description":"Ceramics: Frequently asked questions about the laying and uses of ceramic to support you in your renovation or construction project.","robots":{"index":"index","follow":"follow","max-snippet":"max-snippet:-1","max-image-preview":"max-image-preview:large","max-video-preview":"max-video-preview:-1"},"canonical":"https:\/\/caseymartel.com\/foire-aux-questions-ceramique\/","og_locale":"en_US","og_type":"article","og_title":"Ceramics: Frequently asked questions about ceramic laying and uses","og_description":"Ceramics: Frequently asked questions about the laying and uses of ceramic to support you in your renovation or construction project.","og_url":"https:\/\/caseymartel.com\/foire-aux-questions-ceramique\/","og_site_name":"Casey Martel","article_modified_time":"2020-05-07T00:57:30+00:00","twitter_card":"summary_large_image","twitter_misc":{"Est. reading time":"2 minutes"},"schema":{"@context":"https:\/\/schema.org","@graph":[{"@type":"WebPage","@id":"https:\/\/caseymartel.com\/foire-aux-questions-ceramique\/","url":"https:\/\/caseymartel.com\/foire-aux-questions-ceramique\/","name":"Ceramics: Frequently asked questions about ceramic laying and uses","isPartOf":{"@id":"https:\/\/caseymartel.com\/#website"},"datePublished":"2020-05-05T19:57:49+00:00","dateModified":"2020-05-07T00:57:30+00:00","description":"Ceramics: Frequently asked questions about the laying and uses of ceramic to support you in your renovation or construction project.","breadcrumb":{"@id":"https:\/\/caseymartel.com\/foire-aux-questions-ceramique\/#breadcrumb"},"inLanguage":"en-US","potentialAction":[{"@type":"ReadAction","target":["https:\/\/caseymartel.com\/foire-aux-questions-ceramique\/"]}]},{"@type":"BreadcrumbList","@id":"https:\/\/caseymartel.com\/foire-aux-questions-ceramique\/#breadcrumb","itemListElement":[{"@type":"ListItem","position":1,"name":"Accueil","item":"https:\/\/caseymartel.com\/en\/"},{"@type":"ListItem","position":2,"name":"Frequented Asked Questions"}]},{"@type":"WebSite","@id":"https:\/\/caseymartel.com\/#website","url":"https:\/\/caseymartel.com\/","name":"Casey Martel","description":"Pose de c\u00e9ramique: Casey Martel sp\u00e9cialis\u00e9 en pose de c\u00e9ramique!","publisher":{"@id":"https:\/\/caseymartel.com\/#organization"},"potentialAction":[{"@type":"SearchAction","target":{"@type":"EntryPoint","urlTemplate":"https:\/\/caseymartel.com\/?s={search_term_string}"},"query-input":"required name=search_term_string"}],"inLanguage":"en-US"},{"@type":"Organization","@id":"https:\/\/caseymartel.com\/#organization","name":"Casey Martel","url":"https:\/\/caseymartel.com\/","logo":{"@type":"ImageObject","inLanguage":"en-US","@id":"https:\/\/caseymartel.com\/#\/schema\/logo\/image\/","url":"https:\/\/caseymartel.com\/wp-content\/uploads\/2020\/04\/logo-casey-martel.svg","contentUrl":"https:\/\/caseymartel.com\/wp-content\/uploads\/2020\/04\/logo-casey-martel.svg","width":317,"height":181,"caption":"Casey Martel"},"image":{"@id":"https:\/\/caseymartel.com\/#\/schema\/logo\/image\/"}}]}},"_links":{"self":[{"href":"https:\/\/caseymartel.com\/en\/wp-json\/wp\/v2\/pages\/1024"}],"collection":[{"href":"https:\/\/caseymartel.com\/en\/wp-json\/wp\/v2\/pages"}],"about":[{"href":"https:\/\/caseymartel.com\/en\/wp-json\/wp\/v2\/types\/page"}],"author":[{"embeddable":true,"href":"https:\/\/caseymartel.com\/en\/wp-json\/wp\/v2\/users\/1"}],"replies":[{"embeddable":true,"href":"https:\/\/caseymartel.com\/en\/wp-json\/wp\/v2\/comments?post=1024"}],"version-history":[{"count":5,"href":"https:\/\/caseymartel.com\/en\/wp-json\/wp\/v2\/pages\/1024\/revisions"}],"predecessor-version":[{"id":1312,"href":"https:\/\/caseymartel.com\/en\/wp-json\/wp\/v2\/pages\/1024\/revisions\/1312"}],"wp:attachment":[{"href":"https:\/\/caseymartel.com\/en\/wp-json\/wp\/v2\/media?parent=1024"}],"curies":[{"name":"wp","href":"https:\/\/api.w.org\/{rel}","templated":true}]}}